{"id":119511,"date":"2024-05-02T16:16:58","date_gmt":"2024-05-02T16:16:58","guid":{"rendered":"https:\/\/ecresidential.co.uk\/condiciones-generales\/"},"modified":"2024-07-09T08:08:39","modified_gmt":"2024-07-09T08:08:39","slug":"condiciones-generales","status":"publish","type":"page","link":"https:\/\/ecresidential.co.uk\/es\/condiciones-generales\/","title":{"rendered":"Condiciones generales"},"content":{"rendered":"\t\t<div data-elementor-type=\"wp-page\" data-elementor-id=\"119511\" class=\"elementor elementor-119511 elementor-108347\">\n\t\t\t\t\t\t\t\t\t<section class=\"elementor-section elementor-top-section elementor-element elementor-element-4b8e467 elementor-section-full_width elementor-section-height-default elementor-section-height-default\" data-id=\"4b8e467\" data-element_type=\"section\" data-settings=\"{&quot;background_background&quot;:&quot;classic&quot;,&quot;ekit_has_onepagescroll_dot&quot;:&quot;yes&quot;}\">\n\t\t\t\t\t\t\t<div class=\"elementor-background-overlay\"><\/div>\n\t\t\t\t\t\t\t<div class=\"elementor-container elementor-column-gap-default\">\n\t\t\t\t\t<div class=\"elementor-column elementor-col-100 elementor-top-column elementor-element elementor-element-c76ece3\" data-id=\"c76ece3\" data-element_type=\"column\">\n\t\t\t<div class=\"elementor-widget-wrap elementor-element-populated\">\n\t\t\t\t\t\t\t\t<div class=\"elementor-element elementor-element-bf2afa6 elementor-widget elementor-widget-spacer\" data-id=\"bf2afa6\" data-element_type=\"widget\" data-settings=\"{&quot;ekit_we_effect_on&quot;:&quot;none&quot;}\" data-widget_type=\"spacer.default\">\n\t\t\t\t<div class=\"elementor-widget-container\">\n\t\t\t<style>\/*! elementor - v3.18.0 - 20-12-2023 *\/\n.elementor-column .elementor-spacer-inner{height:var(--spacer-size)}.e-con{--container-widget-width:100%}.e-con-inner>.elementor-widget-spacer,.e-con>.elementor-widget-spacer{width:var(--container-widget-width,var(--spacer-size));--align-self:var(--container-widget-align-self,initial);--flex-shrink:0}.e-con-inner>.elementor-widget-spacer>.elementor-widget-container,.e-con>.elementor-widget-spacer>.elementor-widget-container{height:100%;width:100%}.e-con-inner>.elementor-widget-spacer>.elementor-widget-container>.elementor-spacer,.e-con>.elementor-widget-spacer>.elementor-widget-container>.elementor-spacer{height:100%}.e-con-inner>.elementor-widget-spacer>.elementor-widget-container>.elementor-spacer>.elementor-spacer-inner,.e-con>.elementor-widget-spacer>.elementor-widget-container>.elementor-spacer>.elementor-spacer-inner{height:var(--container-widget-height,var(--spacer-size))}.e-con-inner>.elementor-widget-spacer.elementor-widget-empty,.e-con>.elementor-widget-spacer.elementor-widget-empty{position:relative;min-height:22px;min-width:22px}.e-con-inner>.elementor-widget-spacer.elementor-widget-empty .elementor-widget-empty-icon,.e-con>.elementor-widget-spacer.elementor-widget-empty .elementor-widget-empty-icon{position:absolute;top:0;bottom:0;left:0;right:0;margin:auto;padding:0;width:22px;height:22px}<\/style>\t\t<div class=\"elementor-spacer\">\n\t\t\t<div class=\"elementor-spacer-inner\"><\/div>\n\t\t<\/div>\n\t\t\t\t<\/div>\n\t\t\t\t<\/div>\n\t\t\t\t<div class=\"elementor-element elementor-element-1c995cc elementor-widget elementor-widget-text-editor\" data-id=\"1c995cc\" data-element_type=\"widget\" data-settings=\"{&quot;ekit_we_effect_on&quot;:&quot;none&quot;}\" data-widget_type=\"text-editor.default\">\n\t\t\t\t<div class=\"elementor-widget-container\">\n\t\t\t<style>\/*! elementor - v3.18.0 - 20-12-2023 *\/\n.elementor-widget-text-editor.elementor-drop-cap-view-stacked .elementor-drop-cap{background-color:#69727d;color:#fff}.elementor-widget-text-editor.elementor-drop-cap-view-framed .elementor-drop-cap{color:#69727d;border:3px solid;background-color:transparent}.elementor-widget-text-editor:not(.elementor-drop-cap-view-default) .elementor-drop-cap{margin-top:8px}.elementor-widget-text-editor:not(.elementor-drop-cap-view-default) .elementor-drop-cap-letter{width:1em;height:1em}.elementor-widget-text-editor .elementor-drop-cap{float:left;text-align:center;line-height:1;font-size:50px}.elementor-widget-text-editor .elementor-drop-cap-letter{display:inline-block}<\/style>\t\t\t\t<p>Condiciones generales<\/p>\n\t\t\t\t\t\t<\/div>\n\t\t\t\t<\/div>\n\t\t\t\t<div class=\"elementor-element elementor-element-c7e8a8d elementor-widget elementor-widget-spacer\" data-id=\"c7e8a8d\" data-element_type=\"widget\" data-settings=\"{&quot;ekit_we_effect_on&quot;:&quot;none&quot;}\" data-widget_type=\"spacer.default\">\n\t\t\t\t<div class=\"elementor-widget-container\">\n\t\t\t\t\t<div class=\"elementor-spacer\">\n\t\t\t<div class=\"elementor-spacer-inner\"><\/div>\n\t\t<\/div>\n\t\t\t\t<\/div>\n\t\t\t\t<\/div>\n\t\t\t\t\t<\/div>\n\t\t<\/div>\n\t\t\t\t\t\t\t<\/div>\n\t\t<\/section>\n\t\t\t\t<section class=\"elementor-section elementor-top-section elementor-element elementor-element-22d146f elementor-section-boxed elementor-section-height-default elementor-section-height-default\" data-id=\"22d146f\" data-element_type=\"section\" data-settings=\"{&quot;ekit_has_onepagescroll_dot&quot;:&quot;yes&quot;}\">\n\t\t\t\t\t\t<div class=\"elementor-container elementor-column-gap-default\">\n\t\t\t\t\t<div class=\"elementor-column elementor-col-100 elementor-top-column elementor-element elementor-element-e960f18\" data-id=\"e960f18\" data-element_type=\"column\">\n\t\t\t<div class=\"elementor-widget-wrap elementor-element-populated\">\n\t\t\t\t\t\t\t\t<div class=\"elementor-element elementor-element-4658423 elementor-widget elementor-widget-text-editor\" data-id=\"4658423\" data-element_type=\"widget\" data-settings=\"{&quot;ekit_we_effect_on&quot;:&quot;none&quot;}\" data-widget_type=\"text-editor.default\">\n\t\t\t\t<div class=\"elementor-widget-container\">\n\t\t\t\t\t\t\t<h2 class=\"entry-title\">Condiciones generales<\/p>\n<\/h2>\n<div class=\"entry-content\">\n<div class=\"wpb-content-wrapper\">\n<div class=\"vc_row wpb_row vc_row-fluid\">\n<div class=\"wpb_column vc_column_container vc_col-sm-12\">\n<div class=\"vc_column-inner\">\n<div class=\"wpb_wrapper\">\n<div class=\"wpb_text_column wpb_content_element \">\n<div class=\"wpb_wrapper\">\n<ol>\n<li><strong>EC Residential Ltd<\/strong><\/li>\n<\/ol>\n<p><strong>EC Residential Ltd<\/strong> es una empresa privada registrada en Inglaterra y Gales cuyo domicilio social es:<\/p>\n<p>16a Baker Street,<br \/>Marylebone,<br \/>Londres,<br \/>W1U 3BL<\/p>\n<p><strong>N\u00famero de empresa registrada:<\/strong> 13262407<\/p>\n<ol start=\"2\">\n<li><strong>Este sitio web<\/strong><\/li>\n<\/ol>\n<p><strong>EC Residential<\/strong> es propietaria del sitio web ubicado en <a href=\"https:\/\/ecresidential.co.uk\/es\/\">https:\/\/ecresidential.co.uk\/<\/a> (el \u00abSitio Web\u00bb). Al acceder y utilizar el Sitio Web, t\u00fa, el usuario, aceptas quedar vinculado por estos t\u00e9rminos y condiciones (los \u00abT\u00e9rminos\u00bb) que rigen tu acceso y uso del Sitio Web.<\/p>\n<ol start=\"3\">\n<li><strong>Propiedad y uso del contenido<\/strong><\/li>\n<\/ol>\n<p><strong>3.1<\/strong> Todo el texto, datos, gr\u00e1ficos, tablas, software, v\u00eddeo, m\u00fasica, sonido, gr\u00e1ficos, fotograf\u00edas, ilustraciones, material gr\u00e1fico, nombres, logotipos, marcas comerciales, marcas de servicio y dem\u00e1s material del Sitio Web (el \u00abContenido\u00bb) y todos los derechos sobre el mismo pertenecen a <strong>EC Residential.<\/strong> Puedes recuperar y mostrar el Contenido del Sitio Web en la pantalla de un ordenador, imprimir p\u00e1ginas individuales en papel (pero no fotocopiarlas) y almacenar dichas p\u00e1ginas en formato electr\u00f3nico en disco (pero no en ning\u00fan servidor u otro dispositivo de almacenamiento conectado a una red) para tu uso personal. El Contenido no puede ser copiado, reproducido, republicado, descargado, publicado, difundido o transmitido de ninguna otra forma.<\/p>\n<p><strong>3.2<\/strong> Te comprometes a no adaptar, alterar o crear un trabajo derivado de ninguno de los Contenidos del Sitio Web ni a utilizarlos para ning\u00fan otro fin que no sea tu uso personal y no comercial.<\/p>\n<ol start=\"4\">\n<li><strong>Uso ilegal<\/strong><\/li>\n<\/ol>\n<p>Te comprometes a utilizar este Sitio Web \u00fanicamente con fines l\u00edcitos y de forma que no infrinjas los derechos de terceros ni restrinjas o inhibas el uso y disfrute del Sitio Web por parte de terceros. Dicha restricci\u00f3n o inhibici\u00f3n incluye, entre otras, las conductas difamatorias o que puedan acosar, causar angustia o molestias a cualquier persona, as\u00ed como la transmisi\u00f3n de contenidos obscenos u ofensivos o la interrupci\u00f3n del flujo normal de di\u00e1logo dentro del Sitio Web.<\/p>\n<ol start=\"5\">\n<li><strong>Derechos de Propiedad Intelectual<\/strong><\/li>\n<\/ol>\n<p><strong>5.1<\/strong> Todos los derechos de autor, marcas registradas, derechos sobre bases de datos y otros derechos de propiedad intelectual que puedan existir en este Sitio Web y en el Contenido seguir\u00e1n siendo en todo momento propiedad de <strong>EC Residential.<\/strong><\/p>\n<p><strong>5.2<\/strong> Las marcas comerciales, marcas de servicio y logotipos utilizados y mostrados en este Sitio Web (\u00abMarcas Comerciales\u00bb) son marcas comerciales registradas o no registradas de <strong>EC Residential<\/strong>. Nada de lo contenido en este Sitio Web debe interpretarse como concesi\u00f3n, impl\u00edcita o de otro tipo, de ninguna licencia o derecho de uso de ninguna Marca Registrada sin el permiso por escrito de <strong>EC Residential<\/strong>. El nombre de <strong>EC Residential<\/strong> no puede utilizarse de ninguna manera, incluida la publicidad o propaganda relativa a la distribuci\u00f3n del Contenido sin el permiso previo por escrito de <strong>EC Residential<\/strong>.<\/p>\n<ol start=\"6\">\n<li><strong>Responsabilidad<\/strong><\/li>\n<\/ol>\n<p><strong>6.1<\/strong> El Sitio Web y el Contenido se proporcionan \u00abTAL CUAL\u00bb y \u00abSEG\u00daN DISPONIBILIDAD\u00bb, y <strong>EC Residential Ltd<\/strong> no garantiza la exactitud, puntualidad, integridad, rendimiento o adecuaci\u00f3n para un fin determinado del Sitio Web o de cualquier Contenido. Todas las garant\u00edas impl\u00edcitas, incluidas, entre otras, las garant\u00edas impl\u00edcitas de calidad satisfactoria, idoneidad para un fin determinado, no infracci\u00f3n, compatibilidad, seguridad y precisi\u00f3n, quedan excluidas de estas Condiciones en la medida en que puedan excluirse por imperativo legal.<\/p>\n<p><strong>6.2<\/strong> En ning\u00fan caso <strong>EC Residential Ltd<\/strong> ser\u00e1 responsable de ninguna p\u00e9rdida, incluidas, sin limitaci\u00f3n, las p\u00e9rdidas indirectas o consecuentes, ni de ning\u00fan da\u00f1o derivado de la p\u00e9rdida de uso, datos o beneficios, ya sea contractual, extracontractual o de otro tipo, que surja de o en relaci\u00f3n con el uso de este Sitio Web.<\/p>\n<p><strong>6.3<\/strong> <strong>EC Residential Ltd<\/strong> ha intentado garantizar que todo el Contenido proporcionado en el Sitio Web sea correcto en el momento de su publicaci\u00f3n. El Contenido se proporciona \u00fanicamente a t\u00edtulo informativo y no debe confiarse en \u00e9l. <strong>EC Residential Ltd<\/strong> no asume responsabilidad alguna, ni en nombre de <strong>EC Residential Ltd<\/strong>, por los errores, omisiones o Contenido enga\u00f1oso del Sitio Web o de los sitios web a los que \u00e9ste se conecte.<\/p>\n<p><strong>6.4<\/strong> <strong>EC Residential Ltd<\/strong> no garantiza que el Sitio Web o el Contenido sean ininterrumpidos o est\u00e9n libres de errores, que se corrija cualquier defecto o que este Sitio Web o el servidor que lo pone a disposici\u00f3n est\u00e9n libres de virus o errores.<\/p>\n<ol start=\"7\">\n<li><strong>Privacidad<\/strong><\/li>\n<\/ol>\n<p>Debes leer y aceptar la Pol\u00edtica de privacidad y cookies <strong>de<\/strong> EC Residential Ltd, que detalla qu\u00e9 tipo de informaci\u00f3n personal puede recopilar <strong>EC Residential Ltd<\/strong> de ti cuando visitas el Sitio web y c\u00f3mo puede <strong>EC Residential Ltd<\/strong> almacenar y utilizar la informaci\u00f3n de acuerdo con el GDPR 2018 y el Reglamento de privacidad y comunicaciones electr\u00f3nicas de 2003.<\/p>\n<ol start=\"8\">\n<li><strong>Cambios en las Condiciones<\/strong><\/li>\n<\/ol>\n<p><strong>EC Residential Ltd<\/strong> se reserva el derecho, a su discreci\u00f3n, de realizar cambios en cualquier parte del Sitio Web o de estas Condiciones. Cuando se modifiquen estas Condiciones, <strong>EC Residential Ltd<\/strong> publicar\u00e1 los detalles de las modificaciones en el Sitio Web. Tu uso continuado del Sitio Web se considera como tu aceptaci\u00f3n de quedar vinculado por estas Condiciones en su versi\u00f3n modificada.<\/p>\n<ol start=\"9\">\n<li><strong>Jurisdicci\u00f3n<\/strong><\/li>\n<\/ol>\n<p>Estas Condiciones se regir\u00e1n e interpretar\u00e1n de acuerdo con la legislaci\u00f3n inglesa y estar\u00e1n sujetas a la jurisdicci\u00f3n exclusiva de los tribunales ingleses.<\/p>\n<ol start=\"10\">\n<li><strong>Divisibilidad<\/strong><\/li>\n<\/ol>\n<p>Si se determinara que estas Condiciones o cualquier parte de las mismas son ilegales, inv\u00e1lidas o inejecutables en virtud de las leyes de cualquier estado o pa\u00eds en el que se pretenda que estas Condiciones sean efectivas, entonces, en la medida en que sean ilegales, inv\u00e1lidas o inejecutables, en dicho estado o pa\u00eds se considerar\u00e1n separadas y eliminadas de estas Condiciones y las Condiciones restantes seguir\u00e1n vigentes y continuar\u00e1n siendo vinculantes y ejecutables en dicho estado o pa\u00eds.<\/p>\n<ol start=\"11\">\n<li><strong>Conflicto<\/strong><\/li>\n<\/ol>\n<p>En caso de conflicto entre estas Condiciones y cualquier otro acuerdo escrito entre t\u00fa y <strong>EC Residential Ltd<\/strong>, prevalecer\u00e1 este \u00faltimo.<\/p>\n<ol start=\"12\">\n<li><strong>Acontecimientos fuera de nuestro control<\/strong><\/li>\n<\/ol>\n<p><strong>EC Residential Ltd<\/strong> no ser\u00e1 responsable de ning\u00fan incumplimiento de estas Condiciones causado por circunstancias ajenas a su control razonable.<\/p>\n<ol start=\"13\">\n<li><strong>Enlaces<\/strong><\/li>\n<\/ol>\n<p><strong>EC Residential Ltd<\/strong> no es responsable de la disponibilidad ni del contenido de los sitios web de terceros ni del material al que accedas a trav\u00e9s de este Sitio Web.<\/p>\n<ol start=\"14\">\n<li><strong>Descarga de archivos<\/strong><\/li>\n<\/ol>\n<p>Ciertos archivos de Contenido est\u00e1n disponibles para su descarga desde el Sitio Web. Estos archivos de Contenido est\u00e1n sujetos a estas Condiciones.<\/p>\n<ol start=\"15\">\n<li><strong>Ponte en contacto con<\/strong><\/li>\n<\/ol>\n<p>Si deseas ponerte en contacto con <strong>EC Residential Ltd<\/strong> en relaci\u00f3n con el Sitio Web, estas Condiciones o la Pol\u00edtica de Privacidad y Cookies, ponte en contacto con nosotros por correo, tel\u00e9fono o en persona en:<\/p>\n<p><strong>EC Residential Ltd<\/strong><\/p>\n<p>16a Baker Street,<br \/>Marylebone,<br \/>Londres,<br \/>W1U 3BL<\/p>\n<p>020 3941 1911<br \/>info@ecresidential.co.uk<\/p>\n<\/div>\n<\/div>\n<\/div>\n<\/div>\n<\/div>\n<\/div>\n<\/div>\n<\/div>\n\t\t\t\t\t\t<\/div>\n\t\t\t\t<\/div>\n\t\t\t\t<div class=\"elementor-element elementor-element-90369a6 elementor-mobile-align-center elementor-widget__width-initial elementor-widget elementor-widget-button\" data-id=\"90369a6\" data-element_type=\"widget\" data-settings=\"{&quot;ekit_we_effect_on&quot;:&quot;none&quot;}\" data-widget_type=\"button.default\">\n\t\t\t\t<div class=\"elementor-widget-container\">\n\t\t\t\t\t<div class=\"elementor-button-wrapper\">\n\t\t\t<a class=\"elementor-button elementor-button-link elementor-size-sm\" href=\"https:\/\/ecresidential.co.uk\/wp-content\/uploads\/2024\/05\/CMP-Certificate-S-QMF-316-v2.0-Gavin-Cohen-20230227042629.pdf\" target=\"_blank\">\n\t\t\t\t\t\t<span class=\"elementor-button-content-wrapper\">\n\t\t\t\t\t\t<span class=\"elementor-button-icon elementor-align-icon-left\">\n\t\t\t\t<i aria-hidden=\"true\" class=\"fas fa-download\"><\/i>\t\t\t<\/span>\n\t\t\t\t\t\t<span class=\"elementor-button-text\">Certificado CMP<\/span>\n\t\t<\/span>\n\t\t\t\t\t<\/a>\n\t\t<\/div>\n\t\t\t\t<\/div>\n\t\t\t\t<\/div>\n\t\t\t\t\t<\/div>\n\t\t<\/div>\n\t\t\t\t\t\t\t<\/div>\n\t\t<\/section>\n\t\t\t\t\t\t\t<\/div>\n\t\t","protected":false},"excerpt":{"rendered":"<p>Condiciones generales Condiciones generales EC Residential Ltd EC Residential Ltd es una empresa privada registrada en Inglaterra y Gales cuyo domicilio social es: 16a Baker Street,Marylebone,Londres,W1U 3BL N\u00famero de empresa registrada: 13262407 Este sitio web EC Residential es propietaria del sitio web ubicado en https:\/\/ecresidential.co.uk\/ (el \u00abSitio Web\u00bb). Al acceder y utilizar el Sitio Web, [&hellip;]<\/p>\n","protected":false},"author":1,"featured_media":0,"parent":0,"menu_order":0,"comment_status":"closed","ping_status":"closed","template":"","meta":{"footnotes":""},"class_list":["post-119511","page","type-page","status-publish","hentry"],"yoast_head":"<!-- This site is optimized with the Yoast SEO plugin v24.3 - https:\/\/yoast.com\/wordpress\/plugins\/seo\/ -->\n<title>Condiciones generales - EC Residential<\/title>\n<meta name=\"robots\" content=\"index, follow, max-snippet:-1, max-image-preview:large, max-video-preview:-1\" \/>\n<link rel=\"canonical\" href=\"https:\/\/ecresidential.co.uk\/es\/condiciones-generales\/\" \/>\n<meta property=\"og:locale\" content=\"es_ES\" \/>\n<meta property=\"og:type\" content=\"article\" \/>\n<meta property=\"og:title\" content=\"Condiciones generales - EC Residential\" \/>\n<meta property=\"og:description\" content=\"Condiciones generales Condiciones generales EC Residential Ltd EC Residential Ltd es una empresa privada registrada en Inglaterra y Gales cuyo domicilio social es: 16a Baker Street,Marylebone,Londres,W1U 3BL N\u00famero de empresa registrada: 13262407 Este sitio web EC Residential es propietaria del sitio web ubicado en https:\/\/ecresidential.co.uk\/ (el \u00abSitio Web\u00bb). Al acceder y utilizar el Sitio Web, [&hellip;]\" \/>\n<meta property=\"og:url\" content=\"https:\/\/ecresidential.co.uk\/es\/condiciones-generales\/\" \/>\n<meta property=\"og:site_name\" content=\"EC Residential\" \/>\n<meta property=\"article:modified_time\" content=\"2024-07-09T08:08:39+00:00\" \/>\n<meta property=\"og:image\" content=\"https:\/\/ecresidential.co.uk\/wp-content\/uploads\/2024\/06\/Main-thumbnail.png\" \/>\n\t<meta property=\"og:image:width\" content=\"1200\" \/>\n\t<meta property=\"og:image:height\" content=\"675\" \/>\n\t<meta property=\"og:image:type\" content=\"image\/png\" \/>\n<meta name=\"twitter:card\" content=\"summary_large_image\" \/>\n<meta name=\"twitter:label1\" content=\"Tiempo de lectura\" \/>\n\t<meta name=\"twitter:data1\" content=\"6 minutos\" \/>\n<script type=\"application\/ld+json\" class=\"yoast-schema-graph\">{\"@context\":\"https:\/\/schema.org\",\"@graph\":[{\"@type\":\"WebPage\",\"@id\":\"https:\/\/ecresidential.co.uk\/es\/condiciones-generales\/\",\"url\":\"https:\/\/ecresidential.co.uk\/es\/condiciones-generales\/\",\"name\":\"Condiciones generales - EC Residential\",\"isPartOf\":{\"@id\":\"https:\/\/ecresidential.co.uk\/es\/#website\"},\"datePublished\":\"2024-05-02T16:16:58+00:00\",\"dateModified\":\"2024-07-09T08:08:39+00:00\",\"breadcrumb\":{\"@id\":\"https:\/\/ecresidential.co.uk\/es\/condiciones-generales\/#breadcrumb\"},\"inLanguage\":\"es\",\"potentialAction\":[{\"@type\":\"ReadAction\",\"target\":[\"https:\/\/ecresidential.co.uk\/es\/condiciones-generales\/\"]}]},{\"@type\":\"BreadcrumbList\",\"@id\":\"https:\/\/ecresidential.co.uk\/es\/condiciones-generales\/#breadcrumb\",\"itemListElement\":[{\"@type\":\"ListItem\",\"position\":1,\"name\":\"Home\",\"item\":\"https:\/\/ecresidential.co.uk\/es\/\"},{\"@type\":\"ListItem\",\"position\":2,\"name\":\"Condiciones generales\"}]},{\"@type\":\"WebSite\",\"@id\":\"https:\/\/ecresidential.co.uk\/es\/#website\",\"url\":\"https:\/\/ecresidential.co.uk\/es\/\",\"name\":\"EC Residential\",\"description\":\"Your Search, Our Passion\",\"publisher\":{\"@id\":\"https:\/\/ecresidential.co.uk\/es\/#organization\"},\"potentialAction\":[{\"@type\":\"SearchAction\",\"target\":{\"@type\":\"EntryPoint\",\"urlTemplate\":\"https:\/\/ecresidential.co.uk\/es\/?s={search_term_string}\"},\"query-input\":{\"@type\":\"PropertyValueSpecification\",\"valueRequired\":true,\"valueName\":\"search_term_string\"}}],\"inLanguage\":\"es\"},{\"@type\":\"Organization\",\"@id\":\"https:\/\/ecresidential.co.uk\/es\/#organization\",\"name\":\"EC Residential\",\"url\":\"https:\/\/ecresidential.co.uk\/es\/\",\"logo\":{\"@type\":\"ImageObject\",\"inLanguage\":\"es\",\"@id\":\"https:\/\/ecresidential.co.uk\/es\/#\/schema\/logo\/image\/\",\"url\":\"https:\/\/ecresidential.co.uk\/wp-content\/uploads\/2024\/01\/cropped-EC-Residential-Logo.png\",\"contentUrl\":\"https:\/\/ecresidential.co.uk\/wp-content\/uploads\/2024\/01\/cropped-EC-Residential-Logo.png\",\"width\":831,\"height\":237,\"caption\":\"EC Residential\"},\"image\":{\"@id\":\"https:\/\/ecresidential.co.uk\/es\/#\/schema\/logo\/image\/\"}}]}<\/script>\n<!-- \/ Yoast SEO plugin. -->","yoast_head_json":{"title":"Condiciones generales - EC Residential","robots":{"index":"index","follow":"follow","max-snippet":"max-snippet:-1","max-image-preview":"max-image-preview:large","max-video-preview":"max-video-preview:-1"},"canonical":"https:\/\/ecresidential.co.uk\/es\/condiciones-generales\/","og_locale":"es_ES","og_type":"article","og_title":"Condiciones generales - EC Residential","og_description":"Condiciones generales Condiciones generales EC Residential Ltd EC Residential Ltd es una empresa privada registrada en Inglaterra y Gales cuyo domicilio social es: 16a Baker Street,Marylebone,Londres,W1U 3BL N\u00famero de empresa registrada: 13262407 Este sitio web EC Residential es propietaria del sitio web ubicado en https:\/\/ecresidential.co.uk\/ (el \u00abSitio Web\u00bb). Al acceder y utilizar el Sitio Web, [&hellip;]","og_url":"https:\/\/ecresidential.co.uk\/es\/condiciones-generales\/","og_site_name":"EC Residential","article_modified_time":"2024-07-09T08:08:39+00:00","og_image":[{"width":1200,"height":675,"url":"https:\/\/ecresidential.co.uk\/wp-content\/uploads\/2024\/06\/Main-thumbnail.png","type":"image\/png"}],"twitter_card":"summary_large_image","twitter_misc":{"Tiempo de lectura":"6 minutos"},"schema":{"@context":"https:\/\/schema.org","@graph":[{"@type":"WebPage","@id":"https:\/\/ecresidential.co.uk\/es\/condiciones-generales\/","url":"https:\/\/ecresidential.co.uk\/es\/condiciones-generales\/","name":"Condiciones generales - EC Residential","isPartOf":{"@id":"https:\/\/ecresidential.co.uk\/es\/#website"},"datePublished":"2024-05-02T16:16:58+00:00","dateModified":"2024-07-09T08:08:39+00:00","breadcrumb":{"@id":"https:\/\/ecresidential.co.uk\/es\/condiciones-generales\/#breadcrumb"},"inLanguage":"es","potentialAction":[{"@type":"ReadAction","target":["https:\/\/ecresidential.co.uk\/es\/condiciones-generales\/"]}]},{"@type":"BreadcrumbList","@id":"https:\/\/ecresidential.co.uk\/es\/condiciones-generales\/#breadcrumb","itemListElement":[{"@type":"ListItem","position":1,"name":"Home","item":"https:\/\/ecresidential.co.uk\/es\/"},{"@type":"ListItem","position":2,"name":"Condiciones generales"}]},{"@type":"WebSite","@id":"https:\/\/ecresidential.co.uk\/es\/#website","url":"https:\/\/ecresidential.co.uk\/es\/","name":"EC Residential","description":"Your Search, Our Passion","publisher":{"@id":"https:\/\/ecresidential.co.uk\/es\/#organization"},"potentialAction":[{"@type":"SearchAction","target":{"@type":"EntryPoint","urlTemplate":"https:\/\/ecresidential.co.uk\/es\/?s={search_term_string}"},"query-input":{"@type":"PropertyValueSpecification","valueRequired":true,"valueName":"search_term_string"}}],"inLanguage":"es"},{"@type":"Organization","@id":"https:\/\/ecresidential.co.uk\/es\/#organization","name":"EC Residential","url":"https:\/\/ecresidential.co.uk\/es\/","logo":{"@type":"ImageObject","inLanguage":"es","@id":"https:\/\/ecresidential.co.uk\/es\/#\/schema\/logo\/image\/","url":"https:\/\/ecresidential.co.uk\/wp-content\/uploads\/2024\/01\/cropped-EC-Residential-Logo.png","contentUrl":"https:\/\/ecresidential.co.uk\/wp-content\/uploads\/2024\/01\/cropped-EC-Residential-Logo.png","width":831,"height":237,"caption":"EC Residential"},"image":{"@id":"https:\/\/ecresidential.co.uk\/es\/#\/schema\/logo\/image\/"}}]}},"_links":{"self":[{"href":"https:\/\/ecresidential.co.uk\/es\/wp-json\/wp\/v2\/pages\/119511","targetHints":{"allow":["GET"]}}],"collection":[{"href":"https:\/\/ecresidential.co.uk\/es\/wp-json\/wp\/v2\/pages"}],"about":[{"href":"https:\/\/ecresidential.co.uk\/es\/wp-json\/wp\/v2\/types\/page"}],"author":[{"embeddable":true,"href":"https:\/\/ecresidential.co.uk\/es\/wp-json\/wp\/v2\/users\/1"}],"replies":[{"embeddable":true,"href":"https:\/\/ecresidential.co.uk\/es\/wp-json\/wp\/v2\/comments?post=119511"}],"version-history":[{"count":1,"href":"https:\/\/ecresidential.co.uk\/es\/wp-json\/wp\/v2\/pages\/119511\/revisions"}],"predecessor-version":[{"id":119514,"href":"https:\/\/ecresidential.co.uk\/es\/wp-json\/wp\/v2\/pages\/119511\/revisions\/119514"}],"wp:attachment":[{"href":"https:\/\/ecresidential.co.uk\/es\/wp-json\/wp\/v2\/media?parent=119511"}],"curies":[{"name":"wp","href":"https:\/\/api.w.org\/{rel}","templated":true}]}}