{"id":119567,"date":"2024-03-01T09:23:22","date_gmt":"2024-03-01T09:23:22","guid":{"rendered":"https:\/\/ecresidential.co.uk\/gestion-de-bloques\/"},"modified":"2024-07-09T08:09:01","modified_gmt":"2024-07-09T08:09:01","slug":"gestion-de-bloques","status":"publish","type":"page","link":"https:\/\/ecresidential.co.uk\/es\/gestion-de-bloques\/","title":{"rendered":"Gesti\u00f3n de bloques"},"content":{"rendered":"\t\t<div data-elementor-type=\"wp-page\" data-elementor-id=\"119567\" class=\"elementor elementor-119567 elementor-105642\">\n\t\t\t\t\t\t\t\t\t<section class=\"elementor-section elementor-top-section elementor-element elementor-element-70ff8e6 elementor-section-content-bottom elementor-section-boxed elementor-section-height-default elementor-section-height-default\" data-id=\"70ff8e6\" data-element_type=\"section\" data-settings=\"{&quot;background_background&quot;:&quot;classic&quot;,&quot;ekit_has_onepagescroll_dot&quot;:&quot;yes&quot;}\">\n\t\t\t\t\t\t\t<div class=\"elementor-background-overlay\"><\/div>\n\t\t\t\t\t\t\t<div class=\"elementor-container elementor-column-gap-default\">\n\t\t\t\t\t<div class=\"elementor-column elementor-col-100 elementor-top-column elementor-element elementor-element-5dfb0aa3\" data-id=\"5dfb0aa3\" data-element_type=\"column\">\n\t\t\t<div class=\"elementor-widget-wrap elementor-element-populated\">\n\t\t\t\t\t\t\t\t<div class=\"elementor-element elementor-element-47a8aae8 elementor-widget elementor-widget-text-editor\" data-id=\"47a8aae8\" data-element_type=\"widget\" data-settings=\"{&quot;ekit_we_effect_on&quot;:&quot;none&quot;}\" data-widget_type=\"text-editor.default\">\n\t\t\t\t<div class=\"elementor-widget-container\">\n\t\t\t<style>\/*! elementor - v3.18.0 - 20-12-2023 *\/\n.elementor-widget-text-editor.elementor-drop-cap-view-stacked .elementor-drop-cap{background-color:#69727d;color:#fff}.elementor-widget-text-editor.elementor-drop-cap-view-framed .elementor-drop-cap{color:#69727d;border:3px solid;background-color:transparent}.elementor-widget-text-editor:not(.elementor-drop-cap-view-default) .elementor-drop-cap{margin-top:8px}.elementor-widget-text-editor:not(.elementor-drop-cap-view-default) .elementor-drop-cap-letter{width:1em;height:1em}.elementor-widget-text-editor .elementor-drop-cap{float:left;text-align:center;line-height:1;font-size:50px}.elementor-widget-text-editor .elementor-drop-cap-letter{display:inline-block}<\/style>\t\t\t\t<p>Gesti\u00f3n de bloques<\/p>\n\t\t\t\t\t\t<\/div>\n\t\t\t\t<\/div>\n\t\t\t\t\t<\/div>\n\t\t<\/div>\n\t\t\t\t\t\t\t<\/div>\n\t\t<\/section>\n\t\t\t\t<section class=\"elementor-section elementor-top-section elementor-element elementor-element-7ecc686a elementor-section-boxed elementor-section-height-default elementor-section-height-default\" data-id=\"7ecc686a\" data-element_type=\"section\" data-settings=\"{&quot;ekit_has_onepagescroll_dot&quot;:&quot;yes&quot;}\">\n\t\t\t\t\t\t<div class=\"elementor-container elementor-column-gap-default\">\n\t\t\t\t\t<div class=\"elementor-column elementor-col-100 elementor-top-column elementor-element elementor-element-33b58605\" data-id=\"33b58605\" data-element_type=\"column\">\n\t\t\t<div class=\"elementor-widget-wrap elementor-element-populated\">\n\t\t\t\t\t\t\t\t<div class=\"elementor-element elementor-element-3b2c4ccd elementor-widget elementor-widget-text-editor\" data-id=\"3b2c4ccd\" data-element_type=\"widget\" data-settings=\"{&quot;ekit_we_effect_on&quot;:&quot;none&quot;}\" data-widget_type=\"text-editor.default\">\n\t\t\t\t<div class=\"elementor-widget-container\">\n\t\t\t\t\t\t\t<p>Adem\u00e1s de nuestro apoyo integral en materia de arrendamientos, tambi\u00e9n ofrecemos servicios administrativos para gestionar cualquier papeleo y requisito legal relacionado con nuevos arrendamientos o rescisiones. Nos aseguramos de que cumplas toda la legislaci\u00f3n sobre negociaci\u00f3n de alquileres y dep\u00f3sitos. Tambi\u00e9n podemos actuar como punto de contacto para las reclamaciones de seguros y ocuparnos del enlace con los inquilinos si es necesario.<\/p>\n<p>Para el mantenimiento de la propiedad, proporcionamos acceso a contratistas de emergencia con disponibilidad las 24 horas. Nuestra red de contratistas totalmente cualificados y asegurados puede ocuparse de cualquier problema, como infestaciones, fugas o problemas el\u00e9ctricos y de gas. Nos encargamos de que se lleven a cabo todas las comprobaciones de seguridad necesarias y obtenemos los registros requeridos, como los EPC y los certificados de seguridad el\u00e9ctrica y del gas. Tambi\u00e9n podemos contratar limpiadores y jardineros profesionales, seg\u00fan las necesidades. Si se necesitan obras de reparaci\u00f3n, mantenimiento, reforma o redecoraci\u00f3n, podemos obtener presupuestos y encargarnos de los servicios necesarios. Si necesitas muebles u otros art\u00edculos, podemos encargarnos del proceso de pedido con los fondos proporcionados.<\/p>\n<p>Cuando se trata de reformar, recomendamos cuidar todos los aspectos de tu propiedad de inversi\u00f3n para maximizar su potencial de ingresos. Podemos ayudarte con la redecoraci\u00f3n o cualquier mejora necesaria para que tu vivienda de alquiler alcance un alto nivel antes de comercializarla. Trabajamos con contratistas de confianza que conocen nuestras normas de calidad. Como tu agente gestor, nos aseguramos de que tu proyecto de mantenimiento se realice a tiempo y dentro del presupuesto para atraer a los inquilinos adecuados.<\/p>\n<p>Como parte de nuestro paquete de gesti\u00f3n inmobiliaria, ofrecemos un servicio de cuidado de propiedades desocupadas para satisfacer tus necesidades a largo o corto plazo. Este servicio te proporciona la tranquilidad de que tu inversi\u00f3n est\u00e1 cuidada cuando la propiedad est\u00e1 desocupada. Ayuda a cumplir las condiciones de tu p\u00f3liza de seguros e incluye la custodia de llaves, las reparaciones y el mantenimiento a cargo de contratistas cualificados, y la organizaci\u00f3n de trabajos previos a la ocupaci\u00f3n. Tambi\u00e9n podemos gestionar los servicios p\u00fablicos en tu nombre cuando est\u00e9s ausente.<\/p>\n\t\t\t\t\t\t<\/div>\n\t\t\t\t<\/div>\n\t\t\t\t\t<\/div>\n\t\t<\/div>\n\t\t\t\t\t\t\t<\/div>\n\t\t<\/section>\n\t\t\t\t\t\t\t<\/div>\n\t\t","protected":false},"excerpt":{"rendered":"<p>Gesti\u00f3n de bloques Adem\u00e1s de nuestro apoyo integral en materia de arrendamientos, tambi\u00e9n ofrecemos servicios administrativos para gestionar cualquier papeleo y requisito legal relacionado con nuevos arrendamientos o rescisiones. Nos aseguramos de que cumplas toda la legislaci\u00f3n sobre negociaci\u00f3n de alquileres y dep\u00f3sitos. Tambi\u00e9n podemos actuar como punto de contacto para las reclamaciones de seguros [&hellip;]<\/p>\n","protected":false},"author":1,"featured_media":0,"parent":0,"menu_order":0,"comment_status":"closed","ping_status":"closed","template":"","meta":{"footnotes":""},"class_list":["post-119567","page","type-page","status-publish","hentry"],"yoast_head":"<!-- This site is optimized with the Yoast SEO plugin v24.3 - https:\/\/yoast.com\/wordpress\/plugins\/seo\/ -->\n<title>Gesti\u00f3n de bloques - EC Residential<\/title>\n<meta name=\"robots\" content=\"index, follow, max-snippet:-1, max-image-preview:large, max-video-preview:-1\" \/>\n<link rel=\"canonical\" href=\"https:\/\/ecresidential.co.uk\/es\/gestion-de-bloques\/\" \/>\n<meta property=\"og:locale\" content=\"es_ES\" \/>\n<meta property=\"og:type\" content=\"article\" \/>\n<meta property=\"og:title\" content=\"Gesti\u00f3n de bloques - EC Residential\" \/>\n<meta property=\"og:description\" content=\"Gesti\u00f3n de bloques Adem\u00e1s de nuestro apoyo integral en materia de arrendamientos, tambi\u00e9n ofrecemos servicios administrativos para gestionar cualquier papeleo y requisito legal relacionado con nuevos arrendamientos o rescisiones. Nos aseguramos de que cumplas toda la legislaci\u00f3n sobre negociaci\u00f3n de alquileres y dep\u00f3sitos. Tambi\u00e9n podemos actuar como punto de contacto para las reclamaciones de seguros [&hellip;]\" \/>\n<meta property=\"og:url\" content=\"https:\/\/ecresidential.co.uk\/es\/gestion-de-bloques\/\" \/>\n<meta property=\"og:site_name\" content=\"EC Residential\" \/>\n<meta property=\"article:modified_time\" content=\"2024-07-09T08:09:01+00:00\" \/>\n<meta property=\"og:image\" content=\"https:\/\/ecresidential.co.uk\/wp-content\/uploads\/2024\/06\/Main-thumbnail.png\" \/>\n\t<meta property=\"og:image:width\" content=\"1200\" \/>\n\t<meta property=\"og:image:height\" content=\"675\" \/>\n\t<meta property=\"og:image:type\" content=\"image\/png\" \/>\n<meta name=\"twitter:card\" content=\"summary_large_image\" \/>\n<meta name=\"twitter:label1\" content=\"Tiempo de lectura\" \/>\n\t<meta name=\"twitter:data1\" content=\"2 minutos\" \/>\n<script type=\"application\/ld+json\" class=\"yoast-schema-graph\">{\"@context\":\"https:\/\/schema.org\",\"@graph\":[{\"@type\":\"WebPage\",\"@id\":\"https:\/\/ecresidential.co.uk\/es\/gestion-de-bloques\/\",\"url\":\"https:\/\/ecresidential.co.uk\/es\/gestion-de-bloques\/\",\"name\":\"Gesti\u00f3n de bloques - EC Residential\",\"isPartOf\":{\"@id\":\"https:\/\/ecresidential.co.uk\/es\/#website\"},\"datePublished\":\"2024-03-01T09:23:22+00:00\",\"dateModified\":\"2024-07-09T08:09:01+00:00\",\"breadcrumb\":{\"@id\":\"https:\/\/ecresidential.co.uk\/es\/gestion-de-bloques\/#breadcrumb\"},\"inLanguage\":\"es\",\"potentialAction\":[{\"@type\":\"ReadAction\",\"target\":[\"https:\/\/ecresidential.co.uk\/es\/gestion-de-bloques\/\"]}]},{\"@type\":\"BreadcrumbList\",\"@id\":\"https:\/\/ecresidential.co.uk\/es\/gestion-de-bloques\/#breadcrumb\",\"itemListElement\":[{\"@type\":\"ListItem\",\"position\":1,\"name\":\"Home\",\"item\":\"https:\/\/ecresidential.co.uk\/es\/\"},{\"@type\":\"ListItem\",\"position\":2,\"name\":\"Gesti\u00f3n de bloques\"}]},{\"@type\":\"WebSite\",\"@id\":\"https:\/\/ecresidential.co.uk\/es\/#website\",\"url\":\"https:\/\/ecresidential.co.uk\/es\/\",\"name\":\"EC Residential\",\"description\":\"Your Search, Our Passion\",\"publisher\":{\"@id\":\"https:\/\/ecresidential.co.uk\/es\/#organization\"},\"potentialAction\":[{\"@type\":\"SearchAction\",\"target\":{\"@type\":\"EntryPoint\",\"urlTemplate\":\"https:\/\/ecresidential.co.uk\/es\/?s={search_term_string}\"},\"query-input\":{\"@type\":\"PropertyValueSpecification\",\"valueRequired\":true,\"valueName\":\"search_term_string\"}}],\"inLanguage\":\"es\"},{\"@type\":\"Organization\",\"@id\":\"https:\/\/ecresidential.co.uk\/es\/#organization\",\"name\":\"EC Residential\",\"url\":\"https:\/\/ecresidential.co.uk\/es\/\",\"logo\":{\"@type\":\"ImageObject\",\"inLanguage\":\"es\",\"@id\":\"https:\/\/ecresidential.co.uk\/es\/#\/schema\/logo\/image\/\",\"url\":\"https:\/\/ecresidential.co.uk\/wp-content\/uploads\/2024\/01\/cropped-EC-Residential-Logo.png\",\"contentUrl\":\"https:\/\/ecresidential.co.uk\/wp-content\/uploads\/2024\/01\/cropped-EC-Residential-Logo.png\",\"width\":831,\"height\":237,\"caption\":\"EC Residential\"},\"image\":{\"@id\":\"https:\/\/ecresidential.co.uk\/es\/#\/schema\/logo\/image\/\"}}]}<\/script>\n<!-- \/ Yoast SEO plugin. -->","yoast_head_json":{"title":"Gesti\u00f3n de bloques - EC Residential","robots":{"index":"index","follow":"follow","max-snippet":"max-snippet:-1","max-image-preview":"max-image-preview:large","max-video-preview":"max-video-preview:-1"},"canonical":"https:\/\/ecresidential.co.uk\/es\/gestion-de-bloques\/","og_locale":"es_ES","og_type":"article","og_title":"Gesti\u00f3n de bloques - EC Residential","og_description":"Gesti\u00f3n de bloques Adem\u00e1s de nuestro apoyo integral en materia de arrendamientos, tambi\u00e9n ofrecemos servicios administrativos para gestionar cualquier papeleo y requisito legal relacionado con nuevos arrendamientos o rescisiones. Nos aseguramos de que cumplas toda la legislaci\u00f3n sobre negociaci\u00f3n de alquileres y dep\u00f3sitos. Tambi\u00e9n podemos actuar como punto de contacto para las reclamaciones de seguros [&hellip;]","og_url":"https:\/\/ecresidential.co.uk\/es\/gestion-de-bloques\/","og_site_name":"EC Residential","article_modified_time":"2024-07-09T08:09:01+00:00","og_image":[{"width":1200,"height":675,"url":"https:\/\/ecresidential.co.uk\/wp-content\/uploads\/2024\/06\/Main-thumbnail.png","type":"image\/png"}],"twitter_card":"summary_large_image","twitter_misc":{"Tiempo de lectura":"2 minutos"},"schema":{"@context":"https:\/\/schema.org","@graph":[{"@type":"WebPage","@id":"https:\/\/ecresidential.co.uk\/es\/gestion-de-bloques\/","url":"https:\/\/ecresidential.co.uk\/es\/gestion-de-bloques\/","name":"Gesti\u00f3n de bloques - EC Residential","isPartOf":{"@id":"https:\/\/ecresidential.co.uk\/es\/#website"},"datePublished":"2024-03-01T09:23:22+00:00","dateModified":"2024-07-09T08:09:01+00:00","breadcrumb":{"@id":"https:\/\/ecresidential.co.uk\/es\/gestion-de-bloques\/#breadcrumb"},"inLanguage":"es","potentialAction":[{"@type":"ReadAction","target":["https:\/\/ecresidential.co.uk\/es\/gestion-de-bloques\/"]}]},{"@type":"BreadcrumbList","@id":"https:\/\/ecresidential.co.uk\/es\/gestion-de-bloques\/#breadcrumb","itemListElement":[{"@type":"ListItem","position":1,"name":"Home","item":"https:\/\/ecresidential.co.uk\/es\/"},{"@type":"ListItem","position":2,"name":"Gesti\u00f3n de bloques"}]},{"@type":"WebSite","@id":"https:\/\/ecresidential.co.uk\/es\/#website","url":"https:\/\/ecresidential.co.uk\/es\/","name":"EC Residential","description":"Your Search, Our Passion","publisher":{"@id":"https:\/\/ecresidential.co.uk\/es\/#organization"},"potentialAction":[{"@type":"SearchAction","target":{"@type":"EntryPoint","urlTemplate":"https:\/\/ecresidential.co.uk\/es\/?s={search_term_string}"},"query-input":{"@type":"PropertyValueSpecification","valueRequired":true,"valueName":"search_term_string"}}],"inLanguage":"es"},{"@type":"Organization","@id":"https:\/\/ecresidential.co.uk\/es\/#organization","name":"EC Residential","url":"https:\/\/ecresidential.co.uk\/es\/","logo":{"@type":"ImageObject","inLanguage":"es","@id":"https:\/\/ecresidential.co.uk\/es\/#\/schema\/logo\/image\/","url":"https:\/\/ecresidential.co.uk\/wp-content\/uploads\/2024\/01\/cropped-EC-Residential-Logo.png","contentUrl":"https:\/\/ecresidential.co.uk\/wp-content\/uploads\/2024\/01\/cropped-EC-Residential-Logo.png","width":831,"height":237,"caption":"EC Residential"},"image":{"@id":"https:\/\/ecresidential.co.uk\/es\/#\/schema\/logo\/image\/"}}]}},"_links":{"self":[{"href":"https:\/\/ecresidential.co.uk\/es\/wp-json\/wp\/v2\/pages\/119567","targetHints":{"allow":["GET"]}}],"collection":[{"href":"https:\/\/ecresidential.co.uk\/es\/wp-json\/wp\/v2\/pages"}],"about":[{"href":"https:\/\/ecresidential.co.uk\/es\/wp-json\/wp\/v2\/types\/page"}],"author":[{"embeddable":true,"href":"https:\/\/ecresidential.co.uk\/es\/wp-json\/wp\/v2\/users\/1"}],"replies":[{"embeddable":true,"href":"https:\/\/ecresidential.co.uk\/es\/wp-json\/wp\/v2\/comments?post=119567"}],"version-history":[{"count":1,"href":"https:\/\/ecresidential.co.uk\/es\/wp-json\/wp\/v2\/pages\/119567\/revisions"}],"predecessor-version":[{"id":119570,"href":"https:\/\/ecresidential.co.uk\/es\/wp-json\/wp\/v2\/pages\/119567\/revisions\/119570"}],"wp:attachment":[{"href":"https:\/\/ecresidential.co.uk\/es\/wp-json\/wp\/v2\/media?parent=119567"}],"curies":[{"name":"wp","href":"https:\/\/api.w.org\/{rel}","templated":true}]}}