{"id":119599,"date":"2024-02-18T15:41:47","date_gmt":"2024-02-18T15:41:47","guid":{"rendered":"https:\/\/ecresidential.co.uk\/portales\/"},"modified":"2024-07-09T08:09:18","modified_gmt":"2024-07-09T08:09:18","slug":"portales","status":"publish","type":"page","link":"https:\/\/ecresidential.co.uk\/es\/portales\/","title":{"rendered":"Portales"},"content":{"rendered":"\t\t<div data-elementor-type=\"wp-page\" data-elementor-id=\"119599\" class=\"elementor elementor-119599 elementor-103795\">\n\t\t\t\t\t\t\t\t\t<section class=\"elementor-section elementor-top-section elementor-element elementor-element-aa56bb0 elementor-section-full_width elementor-section-height-default elementor-section-height-default\" data-id=\"aa56bb0\" data-element_type=\"section\" data-settings=\"{&quot;background_background&quot;:&quot;classic&quot;,&quot;ekit_has_onepagescroll_dot&quot;:&quot;yes&quot;}\">\n\t\t\t\t\t\t\t<div class=\"elementor-background-overlay\"><\/div>\n\t\t\t\t\t\t\t<div class=\"elementor-container elementor-column-gap-default\">\n\t\t\t\t\t<div class=\"elementor-column elementor-col-100 elementor-top-column elementor-element elementor-element-ceda136\" data-id=\"ceda136\" data-element_type=\"column\">\n\t\t\t<div class=\"elementor-widget-wrap elementor-element-populated\">\n\t\t\t\t\t\t\t\t<div class=\"elementor-element elementor-element-28d2ae9 elementor-widget elementor-widget-spacer\" data-id=\"28d2ae9\" data-element_type=\"widget\" data-settings=\"{&quot;ekit_we_effect_on&quot;:&quot;none&quot;}\" data-widget_type=\"spacer.default\">\n\t\t\t\t<div class=\"elementor-widget-container\">\n\t\t\t<style>\/*! elementor - v3.18.0 - 20-12-2023 *\/\n.elementor-column .elementor-spacer-inner{height:var(--spacer-size)}.e-con{--container-widget-width:100%}.e-con-inner>.elementor-widget-spacer,.e-con>.elementor-widget-spacer{width:var(--container-widget-width,var(--spacer-size));--align-self:var(--container-widget-align-self,initial);--flex-shrink:0}.e-con-inner>.elementor-widget-spacer>.elementor-widget-container,.e-con>.elementor-widget-spacer>.elementor-widget-container{height:100%;width:100%}.e-con-inner>.elementor-widget-spacer>.elementor-widget-container>.elementor-spacer,.e-con>.elementor-widget-spacer>.elementor-widget-container>.elementor-spacer{height:100%}.e-con-inner>.elementor-widget-spacer>.elementor-widget-container>.elementor-spacer>.elementor-spacer-inner,.e-con>.elementor-widget-spacer>.elementor-widget-container>.elementor-spacer>.elementor-spacer-inner{height:var(--container-widget-height,var(--spacer-size))}.e-con-inner>.elementor-widget-spacer.elementor-widget-empty,.e-con>.elementor-widget-spacer.elementor-widget-empty{position:relative;min-height:22px;min-width:22px}.e-con-inner>.elementor-widget-spacer.elementor-widget-empty .elementor-widget-empty-icon,.e-con>.elementor-widget-spacer.elementor-widget-empty .elementor-widget-empty-icon{position:absolute;top:0;bottom:0;left:0;right:0;margin:auto;padding:0;width:22px;height:22px}<\/style>\t\t<div class=\"elementor-spacer\">\n\t\t\t<div class=\"elementor-spacer-inner\"><\/div>\n\t\t<\/div>\n\t\t\t\t<\/div>\n\t\t\t\t<\/div>\n\t\t\t\t<div class=\"elementor-element elementor-element-cbeeaa5 elementor-widget elementor-widget-text-editor\" data-id=\"cbeeaa5\" data-element_type=\"widget\" data-settings=\"{&quot;ekit_we_effect_on&quot;:&quot;none&quot;}\" data-widget_type=\"text-editor.default\">\n\t\t\t\t<div class=\"elementor-widget-container\">\n\t\t\t<style>\/*! elementor - v3.18.0 - 20-12-2023 *\/\n.elementor-widget-text-editor.elementor-drop-cap-view-stacked .elementor-drop-cap{background-color:#69727d;color:#fff}.elementor-widget-text-editor.elementor-drop-cap-view-framed .elementor-drop-cap{color:#69727d;border:3px solid;background-color:transparent}.elementor-widget-text-editor:not(.elementor-drop-cap-view-default) .elementor-drop-cap{margin-top:8px}.elementor-widget-text-editor:not(.elementor-drop-cap-view-default) .elementor-drop-cap-letter{width:1em;height:1em}.elementor-widget-text-editor .elementor-drop-cap{float:left;text-align:center;line-height:1;font-size:50px}.elementor-widget-text-editor .elementor-drop-cap-letter{display:inline-block}<\/style>\t\t\t\t<p>Portales<\/p>\n\t\t\t\t\t\t<\/div>\n\t\t\t\t<\/div>\n\t\t\t\t<div class=\"elementor-element elementor-element-cf1a362 elementor-widget elementor-widget-spacer\" data-id=\"cf1a362\" data-element_type=\"widget\" data-settings=\"{&quot;ekit_we_effect_on&quot;:&quot;none&quot;}\" data-widget_type=\"spacer.default\">\n\t\t\t\t<div class=\"elementor-widget-container\">\n\t\t\t\t\t<div class=\"elementor-spacer\">\n\t\t\t<div class=\"elementor-spacer-inner\"><\/div>\n\t\t<\/div>\n\t\t\t\t<\/div>\n\t\t\t\t<\/div>\n\t\t\t\t\t<\/div>\n\t\t<\/div>\n\t\t\t\t\t\t\t<\/div>\n\t\t<\/section>\n\t\t\t\t<section class=\"elementor-section elementor-top-section elementor-element elementor-element-66efa084 elementor-section-content-middle elementor-section-boxed elementor-section-height-default elementor-section-height-default elementor-invisible\" data-id=\"66efa084\" data-element_type=\"section\" data-settings=\"{&quot;animation&quot;:&quot;fadeIn&quot;,&quot;background_background&quot;:&quot;classic&quot;,&quot;ekit_has_onepagescroll_dot&quot;:&quot;yes&quot;}\">\n\t\t\t\t\t\t<div class=\"elementor-container elementor-column-gap-default\">\n\t\t\t\t\t<div class=\"elementor-column elementor-col-33 elementor-top-column elementor-element elementor-element-c92ab26\" data-id=\"c92ab26\" data-element_type=\"column\" data-settings=\"{&quot;background_background&quot;:&quot;classic&quot;}\">\n\t\t\t<div class=\"elementor-widget-wrap elementor-element-populated\">\n\t\t\t\t\t\t\t\t<div class=\"elementor-element elementor-element-e4fac65 elementor-widget elementor-widget-menu-anchor\" data-id=\"e4fac65\" data-element_type=\"widget\" data-settings=\"{&quot;ekit_we_effect_on&quot;:&quot;none&quot;}\" data-widget_type=\"menu-anchor.default\">\n\t\t\t\t<div class=\"elementor-widget-container\">\n\t\t\t<style>\/*! elementor - v3.18.0 - 20-12-2023 *\/\nbody.elementor-page .elementor-widget-menu-anchor{margin-bottom:0}<\/style>\t\t<div id=\"portaldelpropietario\" class=\"elementor-menu-anchor\"><\/div>\n\t\t\t\t<\/div>\n\t\t\t\t<\/div>\n\t\t\t\t<div class=\"elementor-element elementor-element-6d090eee elementor-widget elementor-widget-text-editor\" data-id=\"6d090eee\" data-element_type=\"widget\" data-settings=\"{&quot;ekit_we_effect_on&quot;:&quot;none&quot;}\" data-widget_type=\"text-editor.default\">\n\t\t\t\t<div class=\"elementor-widget-container\">\n\t\t\t\t\t\t\t<p>Portal del Arrendador<\/p>\n\t\t\t\t\t\t<\/div>\n\t\t\t\t<\/div>\n\t\t\t\t<div class=\"elementor-element elementor-element-5460bc45 elementor-widget elementor-widget-text-editor\" data-id=\"5460bc45\" data-element_type=\"widget\" data-settings=\"{&quot;ekit_we_effect_on&quot;:&quot;none&quot;}\" data-widget_type=\"text-editor.default\">\n\t\t\t\t<div class=\"elementor-widget-container\">\n\t\t\t\t\t\t\t<p>En el Portal del Arrendador, puedes ver el rendimiento de la cartera, incluidos los ingresos y gastos en tiempo real, y hacer un seguimiento de las visitas y las respuestas de los inquilinos. Las funciones de firma digital te facilitan la firma de documentos importantes, ahorrando tiempo al reducir la necesidad de papeleo f\u00edsico.<\/p>\n<p>Adem\u00e1s, puedes responder a problemas de mantenimiento, realizar pagos y acceder a todos los documentos y extractos pertinentes a trav\u00e9s del portal.<\/p>\n<p>Tanto si est\u00e1s en casa como si est\u00e1s fuera, siempre tienes el poder de gestionar las propiedades con eficacia y eficiencia<\/p>\n\t\t\t\t\t\t<\/div>\n\t\t\t\t<\/div>\n\t\t\t\t<div class=\"elementor-element elementor-element-efbac28 elementor-mobile-align-left elementor-widget__width-initial elementor-widget elementor-widget-button\" data-id=\"efbac28\" data-element_type=\"widget\" data-settings=\"{&quot;ekit_we_effect_on&quot;:&quot;none&quot;}\" data-widget_type=\"button.default\">\n\t\t\t\t<div class=\"elementor-widget-container\">\n\t\t\t\t\t<div class=\"elementor-button-wrapper\">\n\t\t\t<a class=\"elementor-button elementor-button-link elementor-size-sm\" href=\"https:\/\/landlords.ecportal.co.uk\/\">\n\t\t\t\t\t\t<span class=\"elementor-button-content-wrapper\">\n\t\t\t\t\t\t<span class=\"elementor-button-text\">Iniciar sesi\u00f3n<\/span>\n\t\t<\/span>\n\t\t\t\t\t<\/a>\n\t\t<\/div>\n\t\t\t\t<\/div>\n\t\t\t\t<\/div>\n\t\t\t\t\t<\/div>\n\t\t<\/div>\n\t\t\t\t<div class=\"elementor-column elementor-col-66 elementor-top-column elementor-element elementor-element-c325582\" data-id=\"c325582\" data-element_type=\"column\" data-settings=\"{&quot;background_background&quot;:&quot;classic&quot;}\">\n\t\t\t<div class=\"elementor-widget-wrap elementor-element-populated\">\n\t\t\t\t\t\t\t\t<div class=\"elementor-element elementor-element-3d7562b elementor-widget elementor-widget-spacer\" data-id=\"3d7562b\" data-element_type=\"widget\" data-settings=\"{&quot;ekit_we_effect_on&quot;:&quot;none&quot;}\" data-widget_type=\"spacer.default\">\n\t\t\t\t<div class=\"elementor-widget-container\">\n\t\t\t\t\t<div class=\"elementor-spacer\">\n\t\t\t<div class=\"elementor-spacer-inner\"><\/div>\n\t\t<\/div>\n\t\t\t\t<\/div>\n\t\t\t\t<\/div>\n\t\t\t\t\t<\/div>\n\t\t<\/div>\n\t\t\t\t\t\t\t<\/div>\n\t\t<\/section>\n\t\t\t\t<section class=\"elementor-section elementor-top-section elementor-element elementor-element-1a8438ed elementor-section-content-middle elementor-reverse-mobile elementor-section-boxed elementor-section-height-default elementor-section-height-default elementor-invisible\" data-id=\"1a8438ed\" data-element_type=\"section\" data-settings=\"{&quot;animation&quot;:&quot;fadeIn&quot;,&quot;background_background&quot;:&quot;classic&quot;,&quot;ekit_has_onepagescroll_dot&quot;:&quot;yes&quot;}\">\n\t\t\t\t\t\t<div class=\"elementor-container elementor-column-gap-default\">\n\t\t\t\t\t<div class=\"elementor-column elementor-col-66 elementor-top-column elementor-element elementor-element-302c69b7\" data-id=\"302c69b7\" data-element_type=\"column\" data-settings=\"{&quot;background_background&quot;:&quot;classic&quot;}\">\n\t\t\t<div class=\"elementor-widget-wrap elementor-element-populated\">\n\t\t\t\t\t\t\t\t<div class=\"elementor-element elementor-element-29b4e36 elementor-widget elementor-widget-spacer\" data-id=\"29b4e36\" data-element_type=\"widget\" data-settings=\"{&quot;ekit_we_effect_on&quot;:&quot;none&quot;}\" data-widget_type=\"spacer.default\">\n\t\t\t\t<div class=\"elementor-widget-container\">\n\t\t\t\t\t<div class=\"elementor-spacer\">\n\t\t\t<div class=\"elementor-spacer-inner\"><\/div>\n\t\t<\/div>\n\t\t\t\t<\/div>\n\t\t\t\t<\/div>\n\t\t\t\t\t<\/div>\n\t\t<\/div>\n\t\t\t\t<div class=\"elementor-column elementor-col-33 elementor-top-column elementor-element elementor-element-c108175\" data-id=\"c108175\" data-element_type=\"column\" data-settings=\"{&quot;background_background&quot;:&quot;classic&quot;}\">\n\t\t\t<div class=\"elementor-widget-wrap elementor-element-populated\">\n\t\t\t\t\t\t\t\t<div class=\"elementor-element elementor-element-12ba21b elementor-widget elementor-widget-menu-anchor\" data-id=\"12ba21b\" data-element_type=\"widget\" data-settings=\"{&quot;ekit_we_effect_on&quot;:&quot;none&quot;}\" data-widget_type=\"menu-anchor.default\">\n\t\t\t\t<div class=\"elementor-widget-container\">\n\t\t\t\t\t<div id=\"portal-residente\" class=\"elementor-menu-anchor\"><\/div>\n\t\t\t\t<\/div>\n\t\t\t\t<\/div>\n\t\t\t\t<div class=\"elementor-element elementor-element-5ab834dd elementor-widget elementor-widget-text-editor\" data-id=\"5ab834dd\" data-element_type=\"widget\" data-settings=\"{&quot;ekit_we_effect_on&quot;:&quot;none&quot;}\" data-widget_type=\"text-editor.default\">\n\t\t\t\t<div class=\"elementor-widget-container\">\n\t\t\t\t\t\t\t<p>Portal del residente<\/p>\n\t\t\t\t\t\t<\/div>\n\t\t\t\t<\/div>\n\t\t\t\t<div class=\"elementor-element elementor-element-4b32e7dc elementor-widget elementor-widget-text-editor\" data-id=\"4b32e7dc\" data-element_type=\"widget\" data-settings=\"{&quot;ekit_we_effect_on&quot;:&quot;none&quot;}\" data-widget_type=\"text-editor.default\">\n\t\t\t\t<div class=\"elementor-widget-container\">\n\t\t\t\t\t\t\t<p>A trav\u00e9s del portal, podemos emitir demandas y proporcionar actualizaciones sobre el trabajo en curso, garantizando que los residentes se mantengan informados y comprometidos. El portal facilita un procesamiento de pagos en l\u00ednea c\u00f3modo y seguro, que permite a los residentes efectuar f\u00e1cilmente los pagos del alquiler y otros servicios.<\/p>\n<p>Con sus funciones flexibles, el Portal del Residente mejora la comunicaci\u00f3n, agiliza los procesos y proporciona una plataforma centralizada para que los residentes accedan a informaci\u00f3n y servicios esenciales.<\/p>\n\t\t\t\t\t\t<\/div>\n\t\t\t\t<\/div>\n\t\t\t\t<div class=\"elementor-element elementor-element-468f93b elementor-mobile-align-left elementor-widget__width-initial elementor-widget elementor-widget-button\" data-id=\"468f93b\" data-element_type=\"widget\" data-settings=\"{&quot;ekit_we_effect_on&quot;:&quot;none&quot;}\" data-widget_type=\"button.default\">\n\t\t\t\t<div class=\"elementor-widget-container\">\n\t\t\t\t\t<div class=\"elementor-button-wrapper\">\n\t\t\t<a class=\"elementor-button elementor-button-link elementor-size-sm\" href=\"https:\/\/ecportal.co.uk\/login\">\n\t\t\t\t\t\t<span class=\"elementor-button-content-wrapper\">\n\t\t\t\t\t\t<span class=\"elementor-button-text\">Iniciar sesi\u00f3n<\/span>\n\t\t<\/span>\n\t\t\t\t\t<\/a>\n\t\t<\/div>\n\t\t\t\t<\/div>\n\t\t\t\t<\/div>\n\t\t\t\t\t<\/div>\n\t\t<\/div>\n\t\t\t\t\t\t\t<\/div>\n\t\t<\/section>\n\t\t\t\t<section class=\"elementor-section elementor-top-section elementor-element elementor-element-755b423a elementor-section-content-middle elementor-section-boxed elementor-section-height-default elementor-section-height-default elementor-invisible\" data-id=\"755b423a\" data-element_type=\"section\" data-settings=\"{&quot;animation&quot;:&quot;fadeIn&quot;,&quot;background_background&quot;:&quot;classic&quot;,&quot;ekit_has_onepagescroll_dot&quot;:&quot;yes&quot;}\">\n\t\t\t\t\t\t<div class=\"elementor-container elementor-column-gap-default\">\n\t\t\t\t\t<div class=\"elementor-column elementor-col-33 elementor-top-column elementor-element elementor-element-2ef72fe6\" data-id=\"2ef72fe6\" data-element_type=\"column\" data-settings=\"{&quot;background_background&quot;:&quot;classic&quot;}\">\n\t\t\t<div class=\"elementor-widget-wrap elementor-element-populated\">\n\t\t\t\t\t\t\t\t<div class=\"elementor-element elementor-element-a2dbbca elementor-widget elementor-widget-menu-anchor\" data-id=\"a2dbbca\" data-element_type=\"widget\" data-settings=\"{&quot;ekit_we_effect_on&quot;:&quot;none&quot;}\" data-widget_type=\"menu-anchor.default\">\n\t\t\t\t<div class=\"elementor-widget-container\">\n\t\t\t\t\t<div id=\"tenant-portal\" class=\"elementor-menu-anchor\"><\/div>\n\t\t\t\t<\/div>\n\t\t\t\t<\/div>\n\t\t\t\t<div class=\"elementor-element elementor-element-721c7b61 elementor-widget elementor-widget-text-editor\" data-id=\"721c7b61\" data-element_type=\"widget\" data-settings=\"{&quot;ekit_we_effect_on&quot;:&quot;none&quot;}\" data-widget_type=\"text-editor.default\">\n\t\t\t\t<div class=\"elementor-widget-container\">\n\t\t\t\t\t\t\t<p>Portal del Arrendatario<\/p>\n\t\t\t\t\t\t<\/div>\n\t\t\t\t<\/div>\n\t\t\t\t<div class=\"elementor-element elementor-element-7203e8e4 elementor-widget elementor-widget-text-editor\" data-id=\"7203e8e4\" data-element_type=\"widget\" data-settings=\"{&quot;ekit_we_effect_on&quot;:&quot;none&quot;}\" data-widget_type=\"text-editor.default\">\n\t\t\t\t<div class=\"elementor-widget-container\">\n\t\t\t\t\t\t\t<p>El Portal del Inquilino agiliza el proceso de solicitud del inquilino, desde la visualizaci\u00f3n de la propiedad hasta la firma de los contratos.<\/p>\n<p>Permite a los solicitantes reservar propiedades sin problemas, completar los requisitos de referencias y realizar pagos de alquiler en l\u00ednea, incluidas las transacciones de fianzas.<\/p>\n<p>El portal es compatible con la firma electr\u00f3nica, lo que garantiza una firma digital c\u00f3moda de los documentos. Los inquilinos pueden almacenar documentos importantes de forma segura y registrar las llamadas de mantenimiento para resolver r\u00e1pidamente los problemas.<\/p>\n\t\t\t\t\t\t<\/div>\n\t\t\t\t<\/div>\n\t\t\t\t<div class=\"elementor-element elementor-element-8c8caf5 elementor-mobile-align-left elementor-widget__width-initial elementor-widget elementor-widget-button\" data-id=\"8c8caf5\" data-element_type=\"widget\" data-settings=\"{&quot;ekit_we_effect_on&quot;:&quot;none&quot;}\" data-widget_type=\"button.default\">\n\t\t\t\t<div class=\"elementor-widget-container\">\n\t\t\t\t\t<div class=\"elementor-button-wrapper\">\n\t\t\t<a class=\"elementor-button elementor-button-link elementor-size-sm\" href=\"https:\/\/ecportal.co.uk\/login\">\n\t\t\t\t\t\t<span class=\"elementor-button-content-wrapper\">\n\t\t\t\t\t\t<span class=\"elementor-button-text\">Iniciar sesi\u00f3n<\/span>\n\t\t<\/span>\n\t\t\t\t\t<\/a>\n\t\t<\/div>\n\t\t\t\t<\/div>\n\t\t\t\t<\/div>\n\t\t\t\t\t<\/div>\n\t\t<\/div>\n\t\t\t\t<div class=\"elementor-column elementor-col-66 elementor-top-column elementor-element elementor-element-5dc5a989\" data-id=\"5dc5a989\" data-element_type=\"column\" data-settings=\"{&quot;background_background&quot;:&quot;classic&quot;}\">\n\t\t\t<div class=\"elementor-widget-wrap elementor-element-populated\">\n\t\t\t\t\t\t\t\t<div class=\"elementor-element elementor-element-30e719a elementor-widget elementor-widget-spacer\" data-id=\"30e719a\" data-element_type=\"widget\" data-settings=\"{&quot;ekit_we_effect_on&quot;:&quot;none&quot;}\" data-widget_type=\"spacer.default\">\n\t\t\t\t<div class=\"elementor-widget-container\">\n\t\t\t\t\t<div class=\"elementor-spacer\">\n\t\t\t<div class=\"elementor-spacer-inner\"><\/div>\n\t\t<\/div>\n\t\t\t\t<\/div>\n\t\t\t\t<\/div>\n\t\t\t\t\t<\/div>\n\t\t<\/div>\n\t\t\t\t\t\t\t<\/div>\n\t\t<\/section>\n\t\t\t\t\t\t\t<\/div>\n\t\t","protected":false},"excerpt":{"rendered":"<p>Portales Portal del Arrendador En el Portal del Arrendador, puedes ver el rendimiento de la cartera, incluidos los ingresos y gastos en tiempo real, y hacer un seguimiento de las visitas y las respuestas de los inquilinos. Las funciones de firma digital te facilitan la firma de documentos importantes, ahorrando tiempo al reducir la necesidad [&hellip;]<\/p>\n","protected":false},"author":1,"featured_media":0,"parent":0,"menu_order":0,"comment_status":"closed","ping_status":"closed","template":"","meta":{"footnotes":""},"class_list":["post-119599","page","type-page","status-publish","hentry"],"yoast_head":"<!-- This site is optimized with the Yoast SEO plugin v24.3 - https:\/\/yoast.com\/wordpress\/plugins\/seo\/ -->\n<title>Portales - EC Residential<\/title>\n<meta name=\"robots\" content=\"index, follow, max-snippet:-1, max-image-preview:large, max-video-preview:-1\" \/>\n<link rel=\"canonical\" href=\"https:\/\/ecresidential.co.uk\/es\/portales\/\" \/>\n<meta property=\"og:locale\" content=\"es_ES\" \/>\n<meta property=\"og:type\" content=\"article\" \/>\n<meta property=\"og:title\" content=\"Portales - EC Residential\" \/>\n<meta property=\"og:description\" content=\"Portales Portal del Arrendador En el Portal del Arrendador, puedes ver el rendimiento de la cartera, incluidos los ingresos y gastos en tiempo real, y hacer un seguimiento de las visitas y las respuestas de los inquilinos. Las funciones de firma digital te facilitan la firma de documentos importantes, ahorrando tiempo al reducir la necesidad [&hellip;]\" \/>\n<meta property=\"og:url\" content=\"https:\/\/ecresidential.co.uk\/es\/portales\/\" \/>\n<meta property=\"og:site_name\" content=\"EC Residential\" \/>\n<meta property=\"article:modified_time\" content=\"2024-07-09T08:09:18+00:00\" \/>\n<meta property=\"og:image\" content=\"https:\/\/ecresidential.co.uk\/wp-content\/uploads\/2024\/06\/Main-thumbnail.png\" \/>\n\t<meta property=\"og:image:width\" content=\"1200\" \/>\n\t<meta property=\"og:image:height\" content=\"675\" \/>\n\t<meta property=\"og:image:type\" content=\"image\/png\" \/>\n<meta name=\"twitter:card\" content=\"summary_large_image\" \/>\n<meta name=\"twitter:label1\" content=\"Tiempo de lectura\" \/>\n\t<meta name=\"twitter:data1\" content=\"1 minuto\" \/>\n<script type=\"application\/ld+json\" class=\"yoast-schema-graph\">{\"@context\":\"https:\/\/schema.org\",\"@graph\":[{\"@type\":\"WebPage\",\"@id\":\"https:\/\/ecresidential.co.uk\/es\/portales\/\",\"url\":\"https:\/\/ecresidential.co.uk\/es\/portales\/\",\"name\":\"Portales - EC Residential\",\"isPartOf\":{\"@id\":\"https:\/\/ecresidential.co.uk\/es\/#website\"},\"datePublished\":\"2024-02-18T15:41:47+00:00\",\"dateModified\":\"2024-07-09T08:09:18+00:00\",\"breadcrumb\":{\"@id\":\"https:\/\/ecresidential.co.uk\/es\/portales\/#breadcrumb\"},\"inLanguage\":\"es\",\"potentialAction\":[{\"@type\":\"ReadAction\",\"target\":[\"https:\/\/ecresidential.co.uk\/es\/portales\/\"]}]},{\"@type\":\"BreadcrumbList\",\"@id\":\"https:\/\/ecresidential.co.uk\/es\/portales\/#breadcrumb\",\"itemListElement\":[{\"@type\":\"ListItem\",\"position\":1,\"name\":\"Home\",\"item\":\"https:\/\/ecresidential.co.uk\/es\/\"},{\"@type\":\"ListItem\",\"position\":2,\"name\":\"Portales\"}]},{\"@type\":\"WebSite\",\"@id\":\"https:\/\/ecresidential.co.uk\/es\/#website\",\"url\":\"https:\/\/ecresidential.co.uk\/es\/\",\"name\":\"EC Residential\",\"description\":\"Your Search, Our Passion\",\"publisher\":{\"@id\":\"https:\/\/ecresidential.co.uk\/es\/#organization\"},\"potentialAction\":[{\"@type\":\"SearchAction\",\"target\":{\"@type\":\"EntryPoint\",\"urlTemplate\":\"https:\/\/ecresidential.co.uk\/es\/?s={search_term_string}\"},\"query-input\":{\"@type\":\"PropertyValueSpecification\",\"valueRequired\":true,\"valueName\":\"search_term_string\"}}],\"inLanguage\":\"es\"},{\"@type\":\"Organization\",\"@id\":\"https:\/\/ecresidential.co.uk\/es\/#organization\",\"name\":\"EC Residential\",\"url\":\"https:\/\/ecresidential.co.uk\/es\/\",\"logo\":{\"@type\":\"ImageObject\",\"inLanguage\":\"es\",\"@id\":\"https:\/\/ecresidential.co.uk\/es\/#\/schema\/logo\/image\/\",\"url\":\"https:\/\/ecresidential.co.uk\/wp-content\/uploads\/2024\/01\/cropped-EC-Residential-Logo.png\",\"contentUrl\":\"https:\/\/ecresidential.co.uk\/wp-content\/uploads\/2024\/01\/cropped-EC-Residential-Logo.png\",\"width\":831,\"height\":237,\"caption\":\"EC Residential\"},\"image\":{\"@id\":\"https:\/\/ecresidential.co.uk\/es\/#\/schema\/logo\/image\/\"}}]}<\/script>\n<!-- \/ Yoast SEO plugin. -->","yoast_head_json":{"title":"Portales - EC Residential","robots":{"index":"index","follow":"follow","max-snippet":"max-snippet:-1","max-image-preview":"max-image-preview:large","max-video-preview":"max-video-preview:-1"},"canonical":"https:\/\/ecresidential.co.uk\/es\/portales\/","og_locale":"es_ES","og_type":"article","og_title":"Portales - EC Residential","og_description":"Portales Portal del Arrendador En el Portal del Arrendador, puedes ver el rendimiento de la cartera, incluidos los ingresos y gastos en tiempo real, y hacer un seguimiento de las visitas y las respuestas de los inquilinos. Las funciones de firma digital te facilitan la firma de documentos importantes, ahorrando tiempo al reducir la necesidad [&hellip;]","og_url":"https:\/\/ecresidential.co.uk\/es\/portales\/","og_site_name":"EC Residential","article_modified_time":"2024-07-09T08:09:18+00:00","og_image":[{"width":1200,"height":675,"url":"https:\/\/ecresidential.co.uk\/wp-content\/uploads\/2024\/06\/Main-thumbnail.png","type":"image\/png"}],"twitter_card":"summary_large_image","twitter_misc":{"Tiempo de lectura":"1 minuto"},"schema":{"@context":"https:\/\/schema.org","@graph":[{"@type":"WebPage","@id":"https:\/\/ecresidential.co.uk\/es\/portales\/","url":"https:\/\/ecresidential.co.uk\/es\/portales\/","name":"Portales - EC Residential","isPartOf":{"@id":"https:\/\/ecresidential.co.uk\/es\/#website"},"datePublished":"2024-02-18T15:41:47+00:00","dateModified":"2024-07-09T08:09:18+00:00","breadcrumb":{"@id":"https:\/\/ecresidential.co.uk\/es\/portales\/#breadcrumb"},"inLanguage":"es","potentialAction":[{"@type":"ReadAction","target":["https:\/\/ecresidential.co.uk\/es\/portales\/"]}]},{"@type":"BreadcrumbList","@id":"https:\/\/ecresidential.co.uk\/es\/portales\/#breadcrumb","itemListElement":[{"@type":"ListItem","position":1,"name":"Home","item":"https:\/\/ecresidential.co.uk\/es\/"},{"@type":"ListItem","position":2,"name":"Portales"}]},{"@type":"WebSite","@id":"https:\/\/ecresidential.co.uk\/es\/#website","url":"https:\/\/ecresidential.co.uk\/es\/","name":"EC Residential","description":"Your Search, Our Passion","publisher":{"@id":"https:\/\/ecresidential.co.uk\/es\/#organization"},"potentialAction":[{"@type":"SearchAction","target":{"@type":"EntryPoint","urlTemplate":"https:\/\/ecresidential.co.uk\/es\/?s={search_term_string}"},"query-input":{"@type":"PropertyValueSpecification","valueRequired":true,"valueName":"search_term_string"}}],"inLanguage":"es"},{"@type":"Organization","@id":"https:\/\/ecresidential.co.uk\/es\/#organization","name":"EC Residential","url":"https:\/\/ecresidential.co.uk\/es\/","logo":{"@type":"ImageObject","inLanguage":"es","@id":"https:\/\/ecresidential.co.uk\/es\/#\/schema\/logo\/image\/","url":"https:\/\/ecresidential.co.uk\/wp-content\/uploads\/2024\/01\/cropped-EC-Residential-Logo.png","contentUrl":"https:\/\/ecresidential.co.uk\/wp-content\/uploads\/2024\/01\/cropped-EC-Residential-Logo.png","width":831,"height":237,"caption":"EC Residential"},"image":{"@id":"https:\/\/ecresidential.co.uk\/es\/#\/schema\/logo\/image\/"}}]}},"_links":{"self":[{"href":"https:\/\/ecresidential.co.uk\/es\/wp-json\/wp\/v2\/pages\/119599","targetHints":{"allow":["GET"]}}],"collection":[{"href":"https:\/\/ecresidential.co.uk\/es\/wp-json\/wp\/v2\/pages"}],"about":[{"href":"https:\/\/ecresidential.co.uk\/es\/wp-json\/wp\/v2\/types\/page"}],"author":[{"embeddable":true,"href":"https:\/\/ecresidential.co.uk\/es\/wp-json\/wp\/v2\/users\/1"}],"replies":[{"embeddable":true,"href":"https:\/\/ecresidential.co.uk\/es\/wp-json\/wp\/v2\/comments?post=119599"}],"version-history":[{"count":2,"href":"https:\/\/ecresidential.co.uk\/es\/wp-json\/wp\/v2\/pages\/119599\/revisions"}],"predecessor-version":[{"id":119604,"href":"https:\/\/ecresidential.co.uk\/es\/wp-json\/wp\/v2\/pages\/119599\/revisions\/119604"}],"wp:attachment":[{"href":"https:\/\/ecresidential.co.uk\/es\/wp-json\/wp\/v2\/media?parent=119599"}],"curies":[{"name":"wp","href":"https:\/\/api.w.org\/{rel}","templated":true}]}}