{"id":119603,"date":"2024-02-17T17:29:04","date_gmt":"2024-02-17T17:29:04","guid":{"rendered":"https:\/\/ecresidential.co.uk\/ventas\/"},"modified":"2024-07-09T08:09:20","modified_gmt":"2024-07-09T08:09:20","slug":"ventas","status":"publish","type":"page","link":"https:\/\/ecresidential.co.uk\/es\/ventas\/","title":{"rendered":"Ventas"},"content":{"rendered":"\t\t<div data-elementor-type=\"wp-page\" data-elementor-id=\"119603\" class=\"elementor elementor-119603 elementor-103524\">\n\t\t\t\t\t\t\t\t\t<section class=\"elementor-section elementor-top-section elementor-element elementor-element-3865a6ed elementor-section-content-bottom elementor-section-boxed elementor-section-height-default elementor-section-height-default\" data-id=\"3865a6ed\" data-element_type=\"section\" data-settings=\"{&quot;background_background&quot;:&quot;classic&quot;,&quot;ekit_has_onepagescroll_dot&quot;:&quot;yes&quot;}\">\n\t\t\t\t\t\t\t<div class=\"elementor-background-overlay\"><\/div>\n\t\t\t\t\t\t\t<div class=\"elementor-container elementor-column-gap-default\">\n\t\t\t\t\t<div class=\"elementor-column elementor-col-100 elementor-top-column elementor-element elementor-element-7adf59b5\" data-id=\"7adf59b5\" data-element_type=\"column\">\n\t\t\t<div class=\"elementor-widget-wrap elementor-element-populated\">\n\t\t\t\t\t\t\t\t<div class=\"elementor-element elementor-element-53a96537 elementor-widget elementor-widget-text-editor\" data-id=\"53a96537\" data-element_type=\"widget\" data-settings=\"{&quot;ekit_we_effect_on&quot;:&quot;none&quot;}\" data-widget_type=\"text-editor.default\">\n\t\t\t\t<div class=\"elementor-widget-container\">\n\t\t\t<style>\/*! elementor - v3.18.0 - 20-12-2023 *\/\n.elementor-widget-text-editor.elementor-drop-cap-view-stacked .elementor-drop-cap{background-color:#69727d;color:#fff}.elementor-widget-text-editor.elementor-drop-cap-view-framed .elementor-drop-cap{color:#69727d;border:3px solid;background-color:transparent}.elementor-widget-text-editor:not(.elementor-drop-cap-view-default) .elementor-drop-cap{margin-top:8px}.elementor-widget-text-editor:not(.elementor-drop-cap-view-default) .elementor-drop-cap-letter{width:1em;height:1em}.elementor-widget-text-editor .elementor-drop-cap{float:left;text-align:center;line-height:1;font-size:50px}.elementor-widget-text-editor .elementor-drop-cap-letter{display:inline-block}<\/style>\t\t\t\t<p>Ventas<\/p>\n\t\t\t\t\t\t<\/div>\n\t\t\t\t<\/div>\n\t\t\t\t\t<\/div>\n\t\t<\/div>\n\t\t\t\t\t\t\t<\/div>\n\t\t<\/section>\n\t\t\t\t<section class=\"elementor-section elementor-top-section elementor-element elementor-element-6a8937dd elementor-section-content-middle elementor-section-boxed elementor-section-height-default elementor-section-height-default elementor-invisible\" data-id=\"6a8937dd\" data-element_type=\"section\" data-settings=\"{&quot;animation&quot;:&quot;fadeIn&quot;,&quot;background_background&quot;:&quot;classic&quot;,&quot;ekit_has_onepagescroll_dot&quot;:&quot;yes&quot;}\">\n\t\t\t\t\t\t<div class=\"elementor-container elementor-column-gap-default\">\n\t\t\t\t\t<div class=\"elementor-column elementor-col-33 elementor-top-column elementor-element elementor-element-3c55b98e\" data-id=\"3c55b98e\" data-element_type=\"column\" data-settings=\"{&quot;background_background&quot;:&quot;classic&quot;}\">\n\t\t\t<div class=\"elementor-widget-wrap elementor-element-populated\">\n\t\t\t\t\t\t\t\t<div class=\"elementor-element elementor-element-a9f16d9 elementor-widget elementor-widget-menu-anchor\" data-id=\"a9f16d9\" data-element_type=\"widget\" data-settings=\"{&quot;ekit_we_effect_on&quot;:&quot;none&quot;}\" data-widget_type=\"menu-anchor.default\">\n\t\t\t\t<div class=\"elementor-widget-container\">\n\t\t\t<style>\/*! elementor - v3.18.0 - 20-12-2023 *\/\nbody.elementor-page .elementor-widget-menu-anchor{margin-bottom:0}<\/style>\t\t<div id=\"guadelvendedor\" class=\"elementor-menu-anchor\"><\/div>\n\t\t\t\t<\/div>\n\t\t\t\t<\/div>\n\t\t\t\t<div class=\"elementor-element elementor-element-3d8c144b elementor-widget elementor-widget-text-editor\" data-id=\"3d8c144b\" data-element_type=\"widget\" data-settings=\"{&quot;ekit_we_effect_on&quot;:&quot;none&quot;}\" data-widget_type=\"text-editor.default\">\n\t\t\t\t<div class=\"elementor-widget-container\">\n\t\t\t\t\t\t\t<p>Gu\u00eda de proveedores<\/p>\n\t\t\t\t\t\t<\/div>\n\t\t\t\t<\/div>\n\t\t\t\t<div class=\"elementor-element elementor-element-347415aa elementor-widget elementor-widget-text-editor\" data-id=\"347415aa\" data-element_type=\"widget\" data-settings=\"{&quot;ekit_we_effect_on&quot;:&quot;none&quot;}\" data-widget_type=\"text-editor.default\">\n\t\t\t\t<div class=\"elementor-widget-container\">\n\t\t\t\t\t\t\t<p>En EC Residential, entendemos que vender tu casa es una decisi\u00f3n importante, y nuestro equipo est\u00e1 aqu\u00ed para apoyarte en cada paso del camino. Desde proporcionar una valoraci\u00f3n de mercado precisa de tu propiedad hasta garantizar que se complete con \u00e9xito, nos dedicamos a hacer del proceso de venta una experiencia agradable y sin complicaciones. Nos enorgullecemos de dar prioridad a las personas y al servicio al cliente a la antigua usanza. Nuestro objetivo es conseguir el mejor resultado posible para nuestros clientes, obteniendo el precio m\u00e1s alto en el menor tiempo posible. Entendemos que vender una propiedad puede ser una transacci\u00f3n que cambia la vida, y nos esforzamos por hacerlo bien. Conf\u00eda en nuestro equipo para gestionar la venta de tu propiedad con cuidado y pericia.<\/p>\n\t\t\t\t\t\t<\/div>\n\t\t\t\t<\/div>\n\t\t\t\t<section class=\"elementor-section elementor-inner-section elementor-element elementor-element-5ff4af4 elementor-section-content-top elementor-section-boxed elementor-section-height-default elementor-section-height-default\" data-id=\"5ff4af4\" data-element_type=\"section\" data-settings=\"{&quot;ekit_has_onepagescroll_dot&quot;:&quot;yes&quot;}\">\n\t\t\t\t\t\t<div class=\"elementor-container elementor-column-gap-default\">\n\t\t\t\t\t<div class=\"elementor-column elementor-col-33 elementor-inner-column elementor-element elementor-element-8c30c15\" data-id=\"8c30c15\" data-element_type=\"column\">\n\t\t\t<div class=\"elementor-widget-wrap elementor-element-populated\">\n\t\t\t\t\t\t\t\t<div class=\"elementor-element elementor-element-8e573cb elementor-mobile-align-center elementor-widget__width-initial elementor-widget elementor-widget-button\" data-id=\"8e573cb\" data-element_type=\"widget\" data-settings=\"{&quot;ekit_we_effect_on&quot;:&quot;none&quot;}\" data-widget_type=\"button.default\">\n\t\t\t\t<div class=\"elementor-widget-container\">\n\t\t\t\t\t<div class=\"elementor-button-wrapper\">\n\t\t\t<a class=\"elementor-button elementor-button-link elementor-size-sm\" href=\"https:\/\/ecresidential.co.uk\/es\/valoracion-de-inmuebles\/\">\n\t\t\t\t\t\t<span class=\"elementor-button-content-wrapper\">\n\t\t\t\t\t\t<span class=\"elementor-button-text\">Valoraci\u00f3n<\/span>\n\t\t<\/span>\n\t\t\t\t\t<\/a>\n\t\t<\/div>\n\t\t\t\t<\/div>\n\t\t\t\t<\/div>\n\t\t\t\t\t<\/div>\n\t\t<\/div>\n\t\t\t\t<div class=\"elementor-column elementor-col-33 elementor-inner-column elementor-element elementor-element-2139224\" data-id=\"2139224\" data-element_type=\"column\">\n\t\t\t<div class=\"elementor-widget-wrap elementor-element-populated\">\n\t\t\t\t\t\t\t\t<div class=\"elementor-element elementor-element-9b3f586 elementor-mobile-align-center elementor-widget__width-initial elementor-widget elementor-widget-button\" data-id=\"9b3f586\" data-element_type=\"widget\" data-settings=\"{&quot;ekit_we_effect_on&quot;:&quot;none&quot;}\" data-widget_type=\"button.default\">\n\t\t\t\t<div class=\"elementor-widget-container\">\n\t\t\t\t\t<div class=\"elementor-button-wrapper\">\n\t\t\t<a class=\"elementor-button elementor-button-link elementor-size-sm\" href=\"https:\/\/ecresidential.co.uk\/es\/guia-para-vender\/\">\n\t\t\t\t\t\t<span class=\"elementor-button-content-wrapper\">\n\t\t\t\t\t\t<span class=\"elementor-button-text\">Gu\u00eda para vender<\/span>\n\t\t<\/span>\n\t\t\t\t\t<\/a>\n\t\t<\/div>\n\t\t\t\t<\/div>\n\t\t\t\t<\/div>\n\t\t\t\t\t<\/div>\n\t\t<\/div>\n\t\t\t\t<div class=\"elementor-column elementor-col-33 elementor-inner-column elementor-element elementor-element-0b53416\" data-id=\"0b53416\" data-element_type=\"column\">\n\t\t\t<div class=\"elementor-widget-wrap\">\n\t\t\t\t\t\t\t\t\t<\/div>\n\t\t<\/div>\n\t\t\t\t\t\t\t<\/div>\n\t\t<\/section>\n\t\t\t\t\t<\/div>\n\t\t<\/div>\n\t\t\t\t<div class=\"elementor-column elementor-col-66 elementor-top-column elementor-element elementor-element-6fb57c4d\" data-id=\"6fb57c4d\" data-element_type=\"column\" data-settings=\"{&quot;background_background&quot;:&quot;classic&quot;}\">\n\t\t\t<div class=\"elementor-widget-wrap\">\n\t\t\t\t\t\t\t\t\t<\/div>\n\t\t<\/div>\n\t\t\t\t\t\t\t<\/div>\n\t\t<\/section>\n\t\t\t\t<section class=\"elementor-section elementor-top-section elementor-element elementor-element-6907a76 elementor-section-content-middle elementor-section-boxed elementor-section-height-default elementor-section-height-default elementor-invisible\" data-id=\"6907a76\" data-element_type=\"section\" data-settings=\"{&quot;animation&quot;:&quot;fadeIn&quot;,&quot;background_background&quot;:&quot;classic&quot;,&quot;ekit_has_onepagescroll_dot&quot;:&quot;yes&quot;}\">\n\t\t\t\t\t\t<div class=\"elementor-container elementor-column-gap-default\">\n\t\t\t\t\t<div class=\"elementor-column elementor-col-66 elementor-top-column elementor-element elementor-element-449a924\" data-id=\"449a924\" data-element_type=\"column\" data-settings=\"{&quot;background_background&quot;:&quot;classic&quot;}\">\n\t\t\t<div class=\"elementor-widget-wrap\">\n\t\t\t\t\t\t\t\t\t<\/div>\n\t\t<\/div>\n\t\t\t\t<div class=\"elementor-column elementor-col-33 elementor-top-column elementor-element elementor-element-6c19168\" data-id=\"6c19168\" data-element_type=\"column\" data-settings=\"{&quot;background_background&quot;:&quot;classic&quot;}\">\n\t\t\t<div class=\"elementor-widget-wrap elementor-element-populated\">\n\t\t\t\t\t\t\t\t<div class=\"elementor-element elementor-element-12b2392 elementor-widget elementor-widget-menu-anchor\" data-id=\"12b2392\" data-element_type=\"widget\" data-settings=\"{&quot;ekit_we_effect_on&quot;:&quot;none&quot;}\" data-widget_type=\"menu-anchor.default\">\n\t\t\t\t<div class=\"elementor-widget-container\">\n\t\t\t\t\t<div id=\"guadelcomprador\" class=\"elementor-menu-anchor\"><\/div>\n\t\t\t\t<\/div>\n\t\t\t\t<\/div>\n\t\t\t\t<div class=\"elementor-element elementor-element-5b942ee elementor-widget elementor-widget-text-editor\" data-id=\"5b942ee\" data-element_type=\"widget\" data-settings=\"{&quot;ekit_we_effect_on&quot;:&quot;none&quot;}\" data-widget_type=\"text-editor.default\">\n\t\t\t\t<div class=\"elementor-widget-container\">\n\t\t\t\t\t\t\t<p>Gu\u00eda del comprador<\/p>\n\t\t\t\t\t\t<\/div>\n\t\t\t\t<\/div>\n\t\t\t\t<div class=\"elementor-element elementor-element-2bc8403 elementor-widget elementor-widget-text-editor\" data-id=\"2bc8403\" data-element_type=\"widget\" data-settings=\"{&quot;ekit_we_effect_on&quot;:&quot;none&quot;}\" data-widget_type=\"text-editor.default\">\n\t\t\t\t<div class=\"elementor-widget-container\">\n\t\t\t\t\t\t\t<p>Comprar una propiedad es una inversi\u00f3n importante, y comprendemos la importancia de que el proceso sea lo m\u00e1s fluido y libre de estr\u00e9s posible. Nuestro equipo se dedica a ayudarte a encontrar la propiedad adecuada y a guiarte en los procesos legales y de negociaci\u00f3n. Con una amplia selecci\u00f3n de propiedades disponibles, como apartamentos de lujo, acogedoras casas adosadas, espaciosas viviendas familiares y oportunidades de inversi\u00f3n, podemos satisfacer tus necesidades espec\u00edficas. Nuestro equipo experimentado y bien informado garantiza el m\u00e1ximo nivel de servicio en cada paso del proceso de compra, proporcion\u00e1ndote una experiencia de compra sin fisuras.<\/p>\n\t\t\t\t\t\t<\/div>\n\t\t\t\t<\/div>\n\t\t\t\t<div class=\"elementor-element elementor-element-b8cc7d9 elementor-mobile-align-center elementor-widget__width-initial elementor-widget elementor-widget-button\" data-id=\"b8cc7d9\" data-element_type=\"widget\" data-settings=\"{&quot;ekit_we_effect_on&quot;:&quot;none&quot;}\" data-widget_type=\"button.default\">\n\t\t\t\t<div class=\"elementor-widget-container\">\n\t\t\t\t\t<div class=\"elementor-button-wrapper\">\n\t\t\t<a class=\"elementor-button elementor-button-link elementor-size-sm\" href=\"https:\/\/ecresidential.co.uk\/es\/guia-de-compra\/\">\n\t\t\t\t\t\t<span class=\"elementor-button-content-wrapper\">\n\t\t\t\t\t\t<span class=\"elementor-button-text\">Gu\u00eda de compra<\/span>\n\t\t<\/span>\n\t\t\t\t\t<\/a>\n\t\t<\/div>\n\t\t\t\t<\/div>\n\t\t\t\t<\/div>\n\t\t\t\t\t<\/div>\n\t\t<\/div>\n\t\t\t\t\t\t\t<\/div>\n\t\t<\/section>\n\t\t\t\t<section class=\"elementor-section elementor-top-section elementor-element elementor-element-f4db00b elementor-section-boxed elementor-section-height-default elementor-section-height-default\" data-id=\"f4db00b\" data-element_type=\"section\" data-settings=\"{&quot;background_background&quot;:&quot;classic&quot;,&quot;ekit_has_onepagescroll_dot&quot;:&quot;yes&quot;}\">\n\t\t\t\t\t\t<div class=\"elementor-container elementor-column-gap-default\">\n\t\t\t\t\t<div class=\"elementor-column elementor-col-100 elementor-top-column elementor-element elementor-element-47c41e4\" data-id=\"47c41e4\" data-element_type=\"column\">\n\t\t\t<div class=\"elementor-widget-wrap elementor-element-populated\">\n\t\t\t\t\t\t\t\t<div class=\"elementor-element elementor-element-6718b96 elementor-widget elementor-widget-menu-anchor\" data-id=\"6718b96\" data-element_type=\"widget\" data-settings=\"{&quot;ekit_we_effect_on&quot;:&quot;none&quot;}\" data-widget_type=\"menu-anchor.default\">\n\t\t\t\t<div class=\"elementor-widget-container\">\n\t\t\t\t\t<div id=\"novedades\" class=\"elementor-menu-anchor\"><\/div>\n\t\t\t\t<\/div>\n\t\t\t\t<\/div>\n\t\t\t\t<div class=\"elementor-element elementor-element-7301d4f7 elementor-widget elementor-widget-text-editor\" data-id=\"7301d4f7\" data-element_type=\"widget\" data-settings=\"{&quot;ekit_we_effect_on&quot;:&quot;none&quot;}\" data-widget_type=\"text-editor.default\">\n\t\t\t\t<div class=\"elementor-widget-container\">\n\t\t\t\t\t\t\t<p>Novedades<\/p>\n\t\t\t\t\t\t<\/div>\n\t\t\t\t<\/div>\n\t\t\t\t<div class=\"elementor-element elementor-element-8f64070 elementor-widget elementor-widget-shortcode\" data-id=\"8f64070\" data-element_type=\"widget\" data-settings=\"{&quot;ekit_we_effect_on&quot;:&quot;none&quot;}\" data-widget_type=\"shortcode.default\">\n\t\t\t\t<div class=\"elementor-widget-container\">\n\t\t\t\t\t<div class=\"elementor-shortcode\"><div class=\"propertyhive propertyhive-recent-properties-shortcode columns-4\">\n\t\t\t<ul class=\"properties propertyhive-shortcode-carousel clear\">\n\t\t\t\t\n\t\t\t\t\t<li class=\"first post-359 type-property status-publish has-post-thumbnail availability-available-to-let property_type-flat parking-parking-permit ph-cols-2 property department-residential-lettings office-101701\">\n\n\t\n    <div class=\"thumbnail\">\n    \t<a href=\"https:\/\/ecresidential.co.uk\/es\/property\/359\/\">\n    \t\t<img decoding=\"async\" src=\"https:\/\/ecresidential.co.uk\/wp-content\/uploads\/2024\/07\/359_10602_IMAGES_MAIN_3591.jpg\" alt=\"Queen&#8217;s Gardens, W2\" class=\"\">        <\/a>\n    <\/div>\n    \n    <div class=\"details\">\n    \n    \t<h3><a href=\"https:\/\/ecresidential.co.uk\/es\/property\/359\/\">Queen&#8217;s Gardens, W2<\/a><\/h3>\n        \n    \t<div class=\"price\">\n\n\t&pound;2,300 pcm\t\n\t\n<\/div><div class=\"actions\">\n\n    <a href=\"https:\/\/ecresidential.co.uk\/es\/property\/359\/\" class=\"button\">m\u00e1s detalles<\/a>\t\n\n<\/div><div class=\"availability\">Available to let<\/div>    <\/div>\n    \n\t\n<\/li>\n\n\t\t\t\t\n\t\t\t\t\t<li class=\"post-791 type-property status-publish has-post-thumbnail availability-available-to-let property_type-flat ph-cols-2 property department-residential-lettings office-101701\">\n\n\t\n    <div class=\"thumbnail\">\n    \t<a href=\"https:\/\/ecresidential.co.uk\/es\/property\/791\/\">\n    \t\t<img decoding=\"async\" src=\"https:\/\/ecresidential.co.uk\/wp-content\/uploads\/2024\/07\/791_11802_IMAGES_MAIN_7911.jpg\" alt=\"Clanricarde Gardens, W24J\" class=\"\">        <\/a>\n    <\/div>\n    \n    <div class=\"details\">\n    \n    \t<h3><a href=\"https:\/\/ecresidential.co.uk\/es\/property\/791\/\">Clanricarde Gardens, W24J<\/a><\/h3>\n        \n    \t<div class=\"price\">\n\n\t&pound;1,850 pcm\t\n\t\n<\/div><div class=\"actions\">\n\n    <a href=\"https:\/\/ecresidential.co.uk\/es\/property\/791\/\" class=\"button\">m\u00e1s detalles<\/a>\t\n\n<\/div><div class=\"availability\">Available to let<\/div>    <\/div>\n    \n\t\n<\/li>\n\n\t\t\t\t\n\t\t\t\t\t<li class=\"post-235 type-property status-publish has-post-thumbnail availability-available-to-let property_type-flat ph-cols-2 property department-residential-lettings office-101701\">\n\n\t\n    <div class=\"thumbnail\">\n    \t<a href=\"https:\/\/ecresidential.co.uk\/es\/property\/235\/\">\n    \t\t<img decoding=\"async\" src=\"https:\/\/ecresidential.co.uk\/wp-content\/uploads\/2024\/07\/235_23547_IMAGES_MAIN_2351.jpeg\" alt=\"Prince&#8217;s Square, W2\" class=\"\">        <\/a>\n    <\/div>\n    \n    <div class=\"details\">\n    \n    \t<h3><a href=\"https:\/\/ecresidential.co.uk\/es\/property\/235\/\">Prince&#8217;s Square, W2<\/a><\/h3>\n        \n    \t<div class=\"price\">\n\n\t&pound;1,800 pcm\t\n\t\n<\/div><div class=\"actions\">\n\n    <a href=\"https:\/\/ecresidential.co.uk\/es\/property\/235\/\" class=\"button\">m\u00e1s detalles<\/a>\t\n\n<\/div><div class=\"availability\">Available to let<\/div>    <\/div>\n    \n\t\n<\/li>\n\n\t\t\t\t\n\t\t\t\t\t<li class=\"last post-305 type-property status-publish has-post-thumbnail availability-available-to-let property_type-flat furnished-furnished ph-cols-2 property department-residential-lettings office-101701\">\n\n\t\n    <div class=\"thumbnail\">\n    \t<a href=\"https:\/\/ecresidential.co.uk\/es\/property\/305\/\">\n    \t\t<img decoding=\"async\" src=\"https:\/\/ecresidential.co.uk\/wp-content\/uploads\/2024\/05\/305_21590_IMAGES_MAIN_3051.jpg\" alt=\"Clanricarde Gardens, W2\" class=\"\">        <\/a>\n    <\/div>\n    \n    <div class=\"details\">\n    \n    \t<h3><a href=\"https:\/\/ecresidential.co.uk\/es\/property\/305\/\">Clanricarde Gardens, W2<\/a><\/h3>\n        \n    \t<div class=\"price\">\n\n\t&pound;1,600 pcm\t\n\t\n<\/div><div class=\"actions\">\n\n    <a href=\"https:\/\/ecresidential.co.uk\/es\/property\/305\/\" class=\"button\">m\u00e1s detalles<\/a>\t\n\n<\/div><div class=\"availability\">Available to let<\/div>    <\/div>\n    \n\t\n<\/li>\n\n\t\t\t\t\n\t\t\t<\/ul>\n\t\t<\/div><\/div>\n\t\t\t\t<\/div>\n\t\t\t\t<\/div>\n\t\t\t\t\t<\/div>\n\t\t<\/div>\n\t\t\t\t\t\t\t<\/div>\n\t\t<\/section>\n\t\t\t\t\t\t\t<\/div>\n\t\t","protected":false},"excerpt":{"rendered":"<p>Ventas Gu\u00eda de proveedores En EC Residential, entendemos que vender tu casa es una decisi\u00f3n importante, y nuestro equipo est\u00e1 aqu\u00ed para apoyarte en cada paso del camino. Desde proporcionar una valoraci\u00f3n de mercado precisa de tu propiedad hasta garantizar que se complete con \u00e9xito, nos dedicamos a hacer del proceso de venta una experiencia [&hellip;]<\/p>\n","protected":false},"author":1,"featured_media":0,"parent":0,"menu_order":0,"comment_status":"closed","ping_status":"closed","template":"","meta":{"footnotes":""},"class_list":["post-119603","page","type-page","status-publish","hentry"],"yoast_head":"<!-- This site is optimized with the Yoast SEO plugin v24.3 - https:\/\/yoast.com\/wordpress\/plugins\/seo\/ -->\n<title>Ventas - EC Residential<\/title>\n<meta name=\"robots\" content=\"index, follow, max-snippet:-1, max-image-preview:large, max-video-preview:-1\" \/>\n<link rel=\"canonical\" href=\"https:\/\/ecresidential.co.uk\/es\/ventas\/\" \/>\n<meta property=\"og:locale\" content=\"es_ES\" \/>\n<meta property=\"og:type\" content=\"article\" \/>\n<meta property=\"og:title\" content=\"Ventas - EC Residential\" \/>\n<meta property=\"og:description\" content=\"Ventas Gu\u00eda de proveedores En EC Residential, entendemos que vender tu casa es una decisi\u00f3n importante, y nuestro equipo est\u00e1 aqu\u00ed para apoyarte en cada paso del camino. Desde proporcionar una valoraci\u00f3n de mercado precisa de tu propiedad hasta garantizar que se complete con \u00e9xito, nos dedicamos a hacer del proceso de venta una experiencia [&hellip;]\" \/>\n<meta property=\"og:url\" content=\"https:\/\/ecresidential.co.uk\/es\/ventas\/\" \/>\n<meta property=\"og:site_name\" content=\"EC Residential\" \/>\n<meta property=\"article:modified_time\" content=\"2024-07-09T08:09:20+00:00\" \/>\n<meta property=\"og:image\" content=\"https:\/\/ecresidential.co.uk\/wp-content\/uploads\/2024\/06\/Main-thumbnail.png\" \/>\n\t<meta property=\"og:image:width\" content=\"1200\" \/>\n\t<meta property=\"og:image:height\" content=\"675\" \/>\n\t<meta property=\"og:image:type\" content=\"image\/png\" \/>\n<meta name=\"twitter:card\" content=\"summary_large_image\" \/>\n<meta name=\"twitter:label1\" content=\"Tiempo de lectura\" \/>\n\t<meta name=\"twitter:data1\" content=\"1 minuto\" \/>\n<script type=\"application\/ld+json\" class=\"yoast-schema-graph\">{\"@context\":\"https:\/\/schema.org\",\"@graph\":[{\"@type\":[\"WebPage\",\"RealEstateListing\"],\"@id\":\"https:\/\/ecresidential.co.uk\/es\/ventas\/\",\"url\":\"https:\/\/ecresidential.co.uk\/es\/ventas\/\",\"name\":\"Ventas - EC Residential\",\"isPartOf\":{\"@id\":\"https:\/\/ecresidential.co.uk\/es\/#website\"},\"datePublished\":\"2024-02-17T17:29:04+00:00\",\"dateModified\":\"2024-07-09T08:09:20+00:00\",\"breadcrumb\":{\"@id\":\"https:\/\/ecresidential.co.uk\/es\/ventas\/#breadcrumb\"},\"inLanguage\":\"es\",\"potentialAction\":[{\"@type\":\"ReadAction\",\"target\":[\"https:\/\/ecresidential.co.uk\/es\/ventas\/\"]}]},{\"@type\":\"BreadcrumbList\",\"@id\":\"https:\/\/ecresidential.co.uk\/es\/ventas\/#breadcrumb\",\"itemListElement\":[{\"@type\":\"ListItem\",\"position\":1,\"name\":\"Home\",\"item\":\"https:\/\/ecresidential.co.uk\/es\/\"},{\"@type\":\"ListItem\",\"position\":2,\"name\":\"Ventas\"}]},{\"@type\":\"WebSite\",\"@id\":\"https:\/\/ecresidential.co.uk\/es\/#website\",\"url\":\"https:\/\/ecresidential.co.uk\/es\/\",\"name\":\"EC Residential\",\"description\":\"Your Search, Our Passion\",\"publisher\":{\"@id\":\"https:\/\/ecresidential.co.uk\/es\/#organization\"},\"potentialAction\":[{\"@type\":\"SearchAction\",\"target\":{\"@type\":\"EntryPoint\",\"urlTemplate\":\"https:\/\/ecresidential.co.uk\/es\/?s={search_term_string}\"},\"query-input\":{\"@type\":\"PropertyValueSpecification\",\"valueRequired\":true,\"valueName\":\"search_term_string\"}}],\"inLanguage\":\"es\"},{\"@type\":\"Organization\",\"@id\":\"https:\/\/ecresidential.co.uk\/es\/#organization\",\"name\":\"EC Residential\",\"url\":\"https:\/\/ecresidential.co.uk\/es\/\",\"logo\":{\"@type\":\"ImageObject\",\"inLanguage\":\"es\",\"@id\":\"https:\/\/ecresidential.co.uk\/es\/#\/schema\/logo\/image\/\",\"url\":\"https:\/\/ecresidential.co.uk\/wp-content\/uploads\/2024\/01\/cropped-EC-Residential-Logo.png\",\"contentUrl\":\"https:\/\/ecresidential.co.uk\/wp-content\/uploads\/2024\/01\/cropped-EC-Residential-Logo.png\",\"width\":831,\"height\":237,\"caption\":\"EC Residential\"},\"image\":{\"@id\":\"https:\/\/ecresidential.co.uk\/es\/#\/schema\/logo\/image\/\"}}]}<\/script>\n<!-- \/ Yoast SEO plugin. -->","yoast_head_json":{"title":"Ventas - EC Residential","robots":{"index":"index","follow":"follow","max-snippet":"max-snippet:-1","max-image-preview":"max-image-preview:large","max-video-preview":"max-video-preview:-1"},"canonical":"https:\/\/ecresidential.co.uk\/es\/ventas\/","og_locale":"es_ES","og_type":"article","og_title":"Ventas - EC Residential","og_description":"Ventas Gu\u00eda de proveedores En EC Residential, entendemos que vender tu casa es una decisi\u00f3n importante, y nuestro equipo est\u00e1 aqu\u00ed para apoyarte en cada paso del camino. Desde proporcionar una valoraci\u00f3n de mercado precisa de tu propiedad hasta garantizar que se complete con \u00e9xito, nos dedicamos a hacer del proceso de venta una experiencia [&hellip;]","og_url":"https:\/\/ecresidential.co.uk\/es\/ventas\/","og_site_name":"EC Residential","article_modified_time":"2024-07-09T08:09:20+00:00","og_image":[{"width":1200,"height":675,"url":"https:\/\/ecresidential.co.uk\/wp-content\/uploads\/2024\/06\/Main-thumbnail.png","type":"image\/png"}],"twitter_card":"summary_large_image","twitter_misc":{"Tiempo de lectura":"1 minuto"},"schema":{"@context":"https:\/\/schema.org","@graph":[{"@type":["WebPage","RealEstateListing"],"@id":"https:\/\/ecresidential.co.uk\/es\/ventas\/","url":"https:\/\/ecresidential.co.uk\/es\/ventas\/","name":"Ventas - EC Residential","isPartOf":{"@id":"https:\/\/ecresidential.co.uk\/es\/#website"},"datePublished":"2024-02-17T17:29:04+00:00","dateModified":"2024-07-09T08:09:20+00:00","breadcrumb":{"@id":"https:\/\/ecresidential.co.uk\/es\/ventas\/#breadcrumb"},"inLanguage":"es","potentialAction":[{"@type":"ReadAction","target":["https:\/\/ecresidential.co.uk\/es\/ventas\/"]}]},{"@type":"BreadcrumbList","@id":"https:\/\/ecresidential.co.uk\/es\/ventas\/#breadcrumb","itemListElement":[{"@type":"ListItem","position":1,"name":"Home","item":"https:\/\/ecresidential.co.uk\/es\/"},{"@type":"ListItem","position":2,"name":"Ventas"}]},{"@type":"WebSite","@id":"https:\/\/ecresidential.co.uk\/es\/#website","url":"https:\/\/ecresidential.co.uk\/es\/","name":"EC Residential","description":"Your Search, Our Passion","publisher":{"@id":"https:\/\/ecresidential.co.uk\/es\/#organization"},"potentialAction":[{"@type":"SearchAction","target":{"@type":"EntryPoint","urlTemplate":"https:\/\/ecresidential.co.uk\/es\/?s={search_term_string}"},"query-input":{"@type":"PropertyValueSpecification","valueRequired":true,"valueName":"search_term_string"}}],"inLanguage":"es"},{"@type":"Organization","@id":"https:\/\/ecresidential.co.uk\/es\/#organization","name":"EC Residential","url":"https:\/\/ecresidential.co.uk\/es\/","logo":{"@type":"ImageObject","inLanguage":"es","@id":"https:\/\/ecresidential.co.uk\/es\/#\/schema\/logo\/image\/","url":"https:\/\/ecresidential.co.uk\/wp-content\/uploads\/2024\/01\/cropped-EC-Residential-Logo.png","contentUrl":"https:\/\/ecresidential.co.uk\/wp-content\/uploads\/2024\/01\/cropped-EC-Residential-Logo.png","width":831,"height":237,"caption":"EC Residential"},"image":{"@id":"https:\/\/ecresidential.co.uk\/es\/#\/schema\/logo\/image\/"}}]}},"_links":{"self":[{"href":"https:\/\/ecresidential.co.uk\/es\/wp-json\/wp\/v2\/pages\/119603","targetHints":{"allow":["GET"]}}],"collection":[{"href":"https:\/\/ecresidential.co.uk\/es\/wp-json\/wp\/v2\/pages"}],"about":[{"href":"https:\/\/ecresidential.co.uk\/es\/wp-json\/wp\/v2\/types\/page"}],"author":[{"embeddable":true,"href":"https:\/\/ecresidential.co.uk\/es\/wp-json\/wp\/v2\/users\/1"}],"replies":[{"embeddable":true,"href":"https:\/\/ecresidential.co.uk\/es\/wp-json\/wp\/v2\/comments?post=119603"}],"version-history":[{"count":1,"href":"https:\/\/ecresidential.co.uk\/es\/wp-json\/wp\/v2\/pages\/119603\/revisions"}],"predecessor-version":[{"id":119607,"href":"https:\/\/ecresidential.co.uk\/es\/wp-json\/wp\/v2\/pages\/119603\/revisions\/119607"}],"wp:attachment":[{"href":"https:\/\/ecresidential.co.uk\/es\/wp-json\/wp\/v2\/media?parent=119603"}],"curies":[{"name":"wp","href":"https:\/\/api.w.org\/{rel}","templated":true}]}}