{"id":119611,"date":"2024-02-18T07:44:40","date_gmt":"2024-02-18T07:44:40","guid":{"rendered":"https:\/\/ecresidential.co.uk\/servicios\/"},"modified":"2024-07-09T08:09:19","modified_gmt":"2024-07-09T08:09:19","slug":"servicios","status":"publish","type":"page","link":"https:\/\/ecresidential.co.uk\/es\/servicios\/","title":{"rendered":"Servicios"},"content":{"rendered":"\t\t<div data-elementor-type=\"wp-page\" data-elementor-id=\"119611\" class=\"elementor elementor-119611 elementor-103593\">\n\t\t\t\t\t\t\t\t\t<section class=\"elementor-section elementor-top-section elementor-element elementor-element-7b4e70a4 elementor-section-content-bottom elementor-section-boxed elementor-section-height-default elementor-section-height-default\" data-id=\"7b4e70a4\" data-element_type=\"section\" data-settings=\"{&quot;background_background&quot;:&quot;classic&quot;,&quot;ekit_has_onepagescroll_dot&quot;:&quot;yes&quot;}\">\n\t\t\t\t\t\t\t<div class=\"elementor-background-overlay\"><\/div>\n\t\t\t\t\t\t\t<div class=\"elementor-container elementor-column-gap-default\">\n\t\t\t\t\t<div class=\"elementor-column elementor-col-100 elementor-top-column elementor-element elementor-element-57bf43ba\" data-id=\"57bf43ba\" data-element_type=\"column\">\n\t\t\t<div class=\"elementor-widget-wrap elementor-element-populated\">\n\t\t\t\t\t\t\t\t<div class=\"elementor-element elementor-element-79b69240 elementor-widget elementor-widget-text-editor\" data-id=\"79b69240\" data-element_type=\"widget\" data-settings=\"{&quot;ekit_we_effect_on&quot;:&quot;none&quot;}\" data-widget_type=\"text-editor.default\">\n\t\t\t\t<div class=\"elementor-widget-container\">\n\t\t\t<style>\/*! elementor - v3.18.0 - 20-12-2023 *\/\n.elementor-widget-text-editor.elementor-drop-cap-view-stacked .elementor-drop-cap{background-color:#69727d;color:#fff}.elementor-widget-text-editor.elementor-drop-cap-view-framed .elementor-drop-cap{color:#69727d;border:3px solid;background-color:transparent}.elementor-widget-text-editor:not(.elementor-drop-cap-view-default) .elementor-drop-cap{margin-top:8px}.elementor-widget-text-editor:not(.elementor-drop-cap-view-default) .elementor-drop-cap-letter{width:1em;height:1em}.elementor-widget-text-editor .elementor-drop-cap{float:left;text-align:center;line-height:1;font-size:50px}.elementor-widget-text-editor .elementor-drop-cap-letter{display:inline-block}<\/style>\t\t\t\t<p>Servicios<\/p>\n\t\t\t\t\t\t<\/div>\n\t\t\t\t<\/div>\n\t\t\t\t\t<\/div>\n\t\t<\/div>\n\t\t\t\t\t\t\t<\/div>\n\t\t<\/section>\n\t\t\t\t<section class=\"elementor-section elementor-top-section elementor-element elementor-element-1c9d0667 elementor-section-content-middle elementor-section-boxed elementor-section-height-default elementor-section-height-default elementor-invisible\" data-id=\"1c9d0667\" data-element_type=\"section\" data-settings=\"{&quot;animation&quot;:&quot;fadeIn&quot;,&quot;background_background&quot;:&quot;classic&quot;,&quot;ekit_has_onepagescroll_dot&quot;:&quot;yes&quot;}\">\n\t\t\t\t\t\t<div class=\"elementor-container elementor-column-gap-default\">\n\t\t\t\t\t<div class=\"elementor-column elementor-col-33 elementor-top-column elementor-element elementor-element-4861413\" data-id=\"4861413\" data-element_type=\"column\" data-settings=\"{&quot;background_background&quot;:&quot;classic&quot;}\">\n\t\t\t<div class=\"elementor-widget-wrap elementor-element-populated\">\n\t\t\t\t\t\t\t\t<div class=\"elementor-element elementor-element-556d9e1 elementor-widget elementor-widget-menu-anchor\" data-id=\"556d9e1\" data-element_type=\"widget\" data-settings=\"{&quot;ekit_we_effect_on&quot;:&quot;none&quot;}\" data-widget_type=\"menu-anchor.default\">\n\t\t\t\t<div class=\"elementor-widget-container\">\n\t\t\t<style>\/*! elementor - v3.18.0 - 20-12-2023 *\/\nbody.elementor-page .elementor-widget-menu-anchor{margin-bottom:0}<\/style>\t\t<div id=\"limpieza\" class=\"elementor-menu-anchor\"><\/div>\n\t\t\t\t<\/div>\n\t\t\t\t<\/div>\n\t\t\t\t<div class=\"elementor-element elementor-element-5559bae5 elementor-widget elementor-widget-text-editor\" data-id=\"5559bae5\" data-element_type=\"widget\" data-settings=\"{&quot;ekit_we_effect_on&quot;:&quot;none&quot;}\" data-widget_type=\"text-editor.default\">\n\t\t\t\t<div class=\"elementor-widget-container\">\n\t\t\t\t\t\t\t<p>Limpieza<\/p>\n\t\t\t\t\t\t<\/div>\n\t\t\t\t<\/div>\n\t\t\t\t<div class=\"elementor-element elementor-element-4f795cee elementor-widget elementor-widget-text-editor\" data-id=\"4f795cee\" data-element_type=\"widget\" data-settings=\"{&quot;ekit_we_effect_on&quot;:&quot;none&quot;}\" data-widget_type=\"text-editor.default\">\n\t\t\t\t<div class=\"elementor-widget-container\">\n\t\t\t\t\t\t\t<p>Como parte de un grupo m\u00e1s grande, tenemos el alcance y las capacidades para comercializar activamente tu propiedad utilizando todos los medios, tanto en una plataforma nacional como internacional, dando la m\u00e1xima exposici\u00f3n. El alquiler, la gesti\u00f3n y la venta tienen la misma importancia y nos esforzamos por conseguir los mejores resultados para nuestros clientes.<\/p>\n<p>Tomando los a\u00f1os de experiencia en &#8216;Agencia Inmobiliaria&#8217; y aplicando la \u00faltima tecnolog\u00eda para proporcionar a nuestros propietarios, vendedores, inquilinos y solicitantes un servicio que aumente la exposici\u00f3n de las propiedades en alquiler y venta, al tiempo que proporciona herramientas para garantizar el acceso las 24 horas a la informaci\u00f3n relevante para los propietarios e inquilinos a trav\u00e9s de nuestro portal online&#8230;.<\/p>\n\t\t\t\t\t\t<\/div>\n\t\t\t\t<\/div>\n\t\t\t\t<div class=\"elementor-element elementor-element-188b5cea elementor-mobile-align-center elementor-widget__width-initial elementor-widget elementor-widget-button\" data-id=\"188b5cea\" data-element_type=\"widget\" data-settings=\"{&quot;ekit_we_effect_on&quot;:&quot;none&quot;}\" data-widget_type=\"button.default\">\n\t\t\t\t<div class=\"elementor-widget-container\">\n\t\t\t\t\t<div class=\"elementor-button-wrapper\">\n\t\t\t<a class=\"elementor-button elementor-button-link elementor-size-sm\" href=\"https:\/\/ecresidential.co.uk\/es\/sobre-nosotros\/\" target=\"_blank\">\n\t\t\t\t\t\t<span class=\"elementor-button-content-wrapper\">\n\t\t\t\t\t\t<span class=\"elementor-button-text\">Saber m\u00e1s<\/span>\n\t\t<\/span>\n\t\t\t\t\t<\/a>\n\t\t<\/div>\n\t\t\t\t<\/div>\n\t\t\t\t<\/div>\n\t\t\t\t\t<\/div>\n\t\t<\/div>\n\t\t\t\t<div class=\"elementor-column elementor-col-66 elementor-top-column elementor-element elementor-element-4fb6f9e\" data-id=\"4fb6f9e\" data-element_type=\"column\" data-settings=\"{&quot;background_background&quot;:&quot;classic&quot;}\">\n\t\t\t<div class=\"elementor-widget-wrap\">\n\t\t\t\t\t\t\t\t\t<\/div>\n\t\t<\/div>\n\t\t\t\t\t\t\t<\/div>\n\t\t<\/section>\n\t\t\t\t<section class=\"elementor-section elementor-top-section elementor-element elementor-element-6dff48ad elementor-section-content-middle elementor-section-boxed elementor-section-height-default elementor-section-height-default elementor-invisible\" data-id=\"6dff48ad\" data-element_type=\"section\" data-settings=\"{&quot;animation&quot;:&quot;fadeIn&quot;,&quot;background_background&quot;:&quot;classic&quot;,&quot;ekit_has_onepagescroll_dot&quot;:&quot;yes&quot;}\">\n\t\t\t\t\t\t<div class=\"elementor-container elementor-column-gap-default\">\n\t\t\t\t\t<div class=\"elementor-column elementor-col-66 elementor-top-column elementor-element elementor-element-930e97d\" data-id=\"930e97d\" data-element_type=\"column\" data-settings=\"{&quot;background_background&quot;:&quot;classic&quot;}\">\n\t\t\t<div class=\"elementor-widget-wrap\">\n\t\t\t\t\t\t\t\t\t<\/div>\n\t\t<\/div>\n\t\t\t\t<div class=\"elementor-column elementor-col-33 elementor-top-column elementor-element elementor-element-7d8b94a4\" data-id=\"7d8b94a4\" data-element_type=\"column\" data-settings=\"{&quot;background_background&quot;:&quot;classic&quot;}\">\n\t\t\t<div class=\"elementor-widget-wrap elementor-element-populated\">\n\t\t\t\t\t\t\t\t<div class=\"elementor-element elementor-element-30604f0 elementor-widget elementor-widget-menu-anchor\" data-id=\"30604f0\" data-element_type=\"widget\" data-settings=\"{&quot;ekit_we_effect_on&quot;:&quot;none&quot;}\" data-widget_type=\"menu-anchor.default\">\n\t\t\t\t<div class=\"elementor-widget-container\">\n\t\t\t\t\t<div id=\"mantenimiento\" class=\"elementor-menu-anchor\"><\/div>\n\t\t\t\t<\/div>\n\t\t\t\t<\/div>\n\t\t\t\t<div class=\"elementor-element elementor-element-5f971542 elementor-widget elementor-widget-text-editor\" data-id=\"5f971542\" data-element_type=\"widget\" data-settings=\"{&quot;ekit_we_effect_on&quot;:&quot;none&quot;}\" data-widget_type=\"text-editor.default\">\n\t\t\t\t<div class=\"elementor-widget-container\">\n\t\t\t\t\t\t\t<p>Mantenimiento<\/p>\n\t\t\t\t\t\t<\/div>\n\t\t\t\t<\/div>\n\t\t\t\t<div class=\"elementor-element elementor-element-7749e59c elementor-widget elementor-widget-text-editor\" data-id=\"7749e59c\" data-element_type=\"widget\" data-settings=\"{&quot;ekit_we_effect_on&quot;:&quot;none&quot;}\" data-widget_type=\"text-editor.default\">\n\t\t\t\t<div class=\"elementor-widget-container\">\n\t\t\t\t\t\t\t<p>Como parte de un grupo m\u00e1s grande, tenemos el alcance y las capacidades para comercializar activamente tu propiedad utilizando todos los medios, tanto en una plataforma nacional como internacional, dando la m\u00e1xima exposici\u00f3n. El alquiler, la gesti\u00f3n y la venta tienen la misma importancia y nos esforzamos por conseguir los mejores resultados para nuestros clientes.<\/p>\n<p>Tomando los a\u00f1os de experiencia en &#8216;Agencia Inmobiliaria&#8217; y aplicando la \u00faltima tecnolog\u00eda para proporcionar a nuestros propietarios, vendedores, inquilinos y solicitantes un servicio que aumente la exposici\u00f3n de las propiedades en alquiler y venta, al tiempo que proporciona herramientas para garantizar el acceso las 24 horas a la informaci\u00f3n relevante para los propietarios e inquilinos a trav\u00e9s de nuestro portal online&#8230;.<\/p>\n\t\t\t\t\t\t<\/div>\n\t\t\t\t<\/div>\n\t\t\t\t<div class=\"elementor-element elementor-element-7aa6b63 elementor-mobile-align-center elementor-widget__width-initial elementor-widget elementor-widget-button\" data-id=\"7aa6b63\" data-element_type=\"widget\" data-settings=\"{&quot;ekit_we_effect_on&quot;:&quot;none&quot;}\" data-widget_type=\"button.default\">\n\t\t\t\t<div class=\"elementor-widget-container\">\n\t\t\t\t\t<div class=\"elementor-button-wrapper\">\n\t\t\t<a class=\"elementor-button elementor-button-link elementor-size-sm\" href=\"https:\/\/ecresidential.co.uk\/es\/sobre-nosotros\/\" target=\"_blank\">\n\t\t\t\t\t\t<span class=\"elementor-button-content-wrapper\">\n\t\t\t\t\t\t<span class=\"elementor-button-text\">Saber m\u00e1s<\/span>\n\t\t<\/span>\n\t\t\t\t\t<\/a>\n\t\t<\/div>\n\t\t\t\t<\/div>\n\t\t\t\t<\/div>\n\t\t\t\t\t<\/div>\n\t\t<\/div>\n\t\t\t\t\t\t\t<\/div>\n\t\t<\/section>\n\t\t\t\t<section class=\"elementor-section elementor-top-section elementor-element elementor-element-6e4fd75b elementor-section-content-middle elementor-section-boxed elementor-section-height-default elementor-section-height-default elementor-invisible\" data-id=\"6e4fd75b\" data-element_type=\"section\" data-settings=\"{&quot;animation&quot;:&quot;fadeIn&quot;,&quot;background_background&quot;:&quot;classic&quot;,&quot;ekit_has_onepagescroll_dot&quot;:&quot;yes&quot;}\">\n\t\t\t\t\t\t<div class=\"elementor-container elementor-column-gap-default\">\n\t\t\t\t\t<div class=\"elementor-column elementor-col-33 elementor-top-column elementor-element elementor-element-54540461\" data-id=\"54540461\" data-element_type=\"column\" data-settings=\"{&quot;background_background&quot;:&quot;classic&quot;}\">\n\t\t\t<div class=\"elementor-widget-wrap elementor-element-populated\">\n\t\t\t\t\t\t\t\t<div class=\"elementor-element elementor-element-06ced85 elementor-widget elementor-widget-menu-anchor\" data-id=\"06ced85\" data-element_type=\"widget\" data-settings=\"{&quot;ekit_we_effect_on&quot;:&quot;none&quot;}\" data-widget_type=\"menu-anchor.default\">\n\t\t\t\t<div class=\"elementor-widget-container\">\n\t\t\t\t\t<div id=\"inventario\" class=\"elementor-menu-anchor\"><\/div>\n\t\t\t\t<\/div>\n\t\t\t\t<\/div>\n\t\t\t\t<div class=\"elementor-element elementor-element-500a453c elementor-widget elementor-widget-text-editor\" data-id=\"500a453c\" data-element_type=\"widget\" data-settings=\"{&quot;ekit_we_effect_on&quot;:&quot;none&quot;}\" data-widget_type=\"text-editor.default\">\n\t\t\t\t<div class=\"elementor-widget-container\">\n\t\t\t\t\t\t\t<p>Inventario<\/p>\n\t\t\t\t\t\t<\/div>\n\t\t\t\t<\/div>\n\t\t\t\t<div class=\"elementor-element elementor-element-5a585fd1 elementor-widget elementor-widget-text-editor\" data-id=\"5a585fd1\" data-element_type=\"widget\" data-settings=\"{&quot;ekit_we_effect_on&quot;:&quot;none&quot;}\" data-widget_type=\"text-editor.default\">\n\t\t\t\t<div class=\"elementor-widget-container\">\n\t\t\t\t\t\t\t<p>Como parte de un grupo m\u00e1s grande, tenemos el alcance y las capacidades para comercializar activamente tu propiedad utilizando todos los medios, tanto en una plataforma nacional como internacional, dando la m\u00e1xima exposici\u00f3n. El alquiler, la gesti\u00f3n y la venta tienen la misma importancia y nos esforzamos por conseguir los mejores resultados para nuestros clientes.<\/p>\n<p>Tomando los a\u00f1os de experiencia en &#8216;Agencia Inmobiliaria&#8217; y aplicando la \u00faltima tecnolog\u00eda para proporcionar a nuestros propietarios, vendedores, inquilinos y solicitantes un servicio que aumente la exposici\u00f3n de las propiedades en alquiler y venta, al tiempo que proporciona herramientas para garantizar el acceso las 24 horas a la informaci\u00f3n relevante para los propietarios e inquilinos a trav\u00e9s de nuestro portal online&#8230;.<\/p>\n\t\t\t\t\t\t<\/div>\n\t\t\t\t<\/div>\n\t\t\t\t<div class=\"elementor-element elementor-element-823beed elementor-mobile-align-center elementor-widget__width-initial elementor-widget elementor-widget-button\" data-id=\"823beed\" data-element_type=\"widget\" data-settings=\"{&quot;ekit_we_effect_on&quot;:&quot;none&quot;}\" data-widget_type=\"button.default\">\n\t\t\t\t<div class=\"elementor-widget-container\">\n\t\t\t\t\t<div class=\"elementor-button-wrapper\">\n\t\t\t<a class=\"elementor-button elementor-button-link elementor-size-sm\" href=\"https:\/\/ecresidential.co.uk\/es\/sobre-nosotros\/\" target=\"_blank\">\n\t\t\t\t\t\t<span class=\"elementor-button-content-wrapper\">\n\t\t\t\t\t\t<span class=\"elementor-button-text\">Saber m\u00e1s<\/span>\n\t\t<\/span>\n\t\t\t\t\t<\/a>\n\t\t<\/div>\n\t\t\t\t<\/div>\n\t\t\t\t<\/div>\n\t\t\t\t\t<\/div>\n\t\t<\/div>\n\t\t\t\t<div class=\"elementor-column elementor-col-66 elementor-top-column elementor-element elementor-element-3b344358\" data-id=\"3b344358\" data-element_type=\"column\" data-settings=\"{&quot;background_background&quot;:&quot;classic&quot;}\">\n\t\t\t<div class=\"elementor-widget-wrap\">\n\t\t\t\t\t\t\t\t\t<\/div>\n\t\t<\/div>\n\t\t\t\t\t\t\t<\/div>\n\t\t<\/section>\n\t\t\t\t\t\t\t<\/div>\n\t\t","protected":false},"excerpt":{"rendered":"<p>Servicios Limpieza Como parte de un grupo m\u00e1s grande, tenemos el alcance y las capacidades para comercializar activamente tu propiedad utilizando todos los medios, tanto en una plataforma nacional como internacional, dando la m\u00e1xima exposici\u00f3n. El alquiler, la gesti\u00f3n y la venta tienen la misma importancia y nos esforzamos por conseguir los mejores resultados para [&hellip;]<\/p>\n","protected":false},"author":1,"featured_media":0,"parent":0,"menu_order":0,"comment_status":"closed","ping_status":"closed","template":"","meta":{"footnotes":""},"class_list":["post-119611","page","type-page","status-publish","hentry"],"yoast_head":"<!-- This site is optimized with the Yoast SEO plugin v24.3 - https:\/\/yoast.com\/wordpress\/plugins\/seo\/ -->\n<title>Servicios - EC Residential<\/title>\n<meta name=\"robots\" content=\"index, follow, max-snippet:-1, max-image-preview:large, max-video-preview:-1\" \/>\n<link rel=\"canonical\" href=\"https:\/\/ecresidential.co.uk\/es\/servicios\/\" \/>\n<meta property=\"og:locale\" content=\"es_ES\" \/>\n<meta property=\"og:type\" content=\"article\" \/>\n<meta property=\"og:title\" content=\"Servicios - EC Residential\" \/>\n<meta property=\"og:description\" content=\"Servicios Limpieza Como parte de un grupo m\u00e1s grande, tenemos el alcance y las capacidades para comercializar activamente tu propiedad utilizando todos los medios, tanto en una plataforma nacional como internacional, dando la m\u00e1xima exposici\u00f3n. El alquiler, la gesti\u00f3n y la venta tienen la misma importancia y nos esforzamos por conseguir los mejores resultados para [&hellip;]\" \/>\n<meta property=\"og:url\" content=\"https:\/\/ecresidential.co.uk\/es\/servicios\/\" \/>\n<meta property=\"og:site_name\" content=\"EC Residential\" \/>\n<meta property=\"article:modified_time\" content=\"2024-07-09T08:09:19+00:00\" \/>\n<meta property=\"og:image\" content=\"https:\/\/ecresidential.co.uk\/wp-content\/uploads\/2024\/06\/Main-thumbnail.png\" \/>\n\t<meta property=\"og:image:width\" content=\"1200\" \/>\n\t<meta property=\"og:image:height\" content=\"675\" \/>\n\t<meta property=\"og:image:type\" content=\"image\/png\" \/>\n<meta name=\"twitter:card\" content=\"summary_large_image\" \/>\n<meta name=\"twitter:label1\" content=\"Tiempo de lectura\" \/>\n\t<meta name=\"twitter:data1\" content=\"2 minutos\" \/>\n<script type=\"application\/ld+json\" class=\"yoast-schema-graph\">{\"@context\":\"https:\/\/schema.org\",\"@graph\":[{\"@type\":\"WebPage\",\"@id\":\"https:\/\/ecresidential.co.uk\/es\/servicios\/\",\"url\":\"https:\/\/ecresidential.co.uk\/es\/servicios\/\",\"name\":\"Servicios - EC Residential\",\"isPartOf\":{\"@id\":\"https:\/\/ecresidential.co.uk\/es\/#website\"},\"datePublished\":\"2024-02-18T07:44:40+00:00\",\"dateModified\":\"2024-07-09T08:09:19+00:00\",\"breadcrumb\":{\"@id\":\"https:\/\/ecresidential.co.uk\/es\/servicios\/#breadcrumb\"},\"inLanguage\":\"es\",\"potentialAction\":[{\"@type\":\"ReadAction\",\"target\":[\"https:\/\/ecresidential.co.uk\/es\/servicios\/\"]}]},{\"@type\":\"BreadcrumbList\",\"@id\":\"https:\/\/ecresidential.co.uk\/es\/servicios\/#breadcrumb\",\"itemListElement\":[{\"@type\":\"ListItem\",\"position\":1,\"name\":\"Home\",\"item\":\"https:\/\/ecresidential.co.uk\/es\/\"},{\"@type\":\"ListItem\",\"position\":2,\"name\":\"Servicios\"}]},{\"@type\":\"WebSite\",\"@id\":\"https:\/\/ecresidential.co.uk\/es\/#website\",\"url\":\"https:\/\/ecresidential.co.uk\/es\/\",\"name\":\"EC Residential\",\"description\":\"Your Search, Our Passion\",\"publisher\":{\"@id\":\"https:\/\/ecresidential.co.uk\/es\/#organization\"},\"potentialAction\":[{\"@type\":\"SearchAction\",\"target\":{\"@type\":\"EntryPoint\",\"urlTemplate\":\"https:\/\/ecresidential.co.uk\/es\/?s={search_term_string}\"},\"query-input\":{\"@type\":\"PropertyValueSpecification\",\"valueRequired\":true,\"valueName\":\"search_term_string\"}}],\"inLanguage\":\"es\"},{\"@type\":\"Organization\",\"@id\":\"https:\/\/ecresidential.co.uk\/es\/#organization\",\"name\":\"EC Residential\",\"url\":\"https:\/\/ecresidential.co.uk\/es\/\",\"logo\":{\"@type\":\"ImageObject\",\"inLanguage\":\"es\",\"@id\":\"https:\/\/ecresidential.co.uk\/es\/#\/schema\/logo\/image\/\",\"url\":\"https:\/\/ecresidential.co.uk\/wp-content\/uploads\/2024\/01\/cropped-EC-Residential-Logo.png\",\"contentUrl\":\"https:\/\/ecresidential.co.uk\/wp-content\/uploads\/2024\/01\/cropped-EC-Residential-Logo.png\",\"width\":831,\"height\":237,\"caption\":\"EC Residential\"},\"image\":{\"@id\":\"https:\/\/ecresidential.co.uk\/es\/#\/schema\/logo\/image\/\"}}]}<\/script>\n<!-- \/ Yoast SEO plugin. -->","yoast_head_json":{"title":"Servicios - EC Residential","robots":{"index":"index","follow":"follow","max-snippet":"max-snippet:-1","max-image-preview":"max-image-preview:large","max-video-preview":"max-video-preview:-1"},"canonical":"https:\/\/ecresidential.co.uk\/es\/servicios\/","og_locale":"es_ES","og_type":"article","og_title":"Servicios - EC Residential","og_description":"Servicios Limpieza Como parte de un grupo m\u00e1s grande, tenemos el alcance y las capacidades para comercializar activamente tu propiedad utilizando todos los medios, tanto en una plataforma nacional como internacional, dando la m\u00e1xima exposici\u00f3n. El alquiler, la gesti\u00f3n y la venta tienen la misma importancia y nos esforzamos por conseguir los mejores resultados para [&hellip;]","og_url":"https:\/\/ecresidential.co.uk\/es\/servicios\/","og_site_name":"EC Residential","article_modified_time":"2024-07-09T08:09:19+00:00","og_image":[{"width":1200,"height":675,"url":"https:\/\/ecresidential.co.uk\/wp-content\/uploads\/2024\/06\/Main-thumbnail.png","type":"image\/png"}],"twitter_card":"summary_large_image","twitter_misc":{"Tiempo de lectura":"2 minutos"},"schema":{"@context":"https:\/\/schema.org","@graph":[{"@type":"WebPage","@id":"https:\/\/ecresidential.co.uk\/es\/servicios\/","url":"https:\/\/ecresidential.co.uk\/es\/servicios\/","name":"Servicios - EC Residential","isPartOf":{"@id":"https:\/\/ecresidential.co.uk\/es\/#website"},"datePublished":"2024-02-18T07:44:40+00:00","dateModified":"2024-07-09T08:09:19+00:00","breadcrumb":{"@id":"https:\/\/ecresidential.co.uk\/es\/servicios\/#breadcrumb"},"inLanguage":"es","potentialAction":[{"@type":"ReadAction","target":["https:\/\/ecresidential.co.uk\/es\/servicios\/"]}]},{"@type":"BreadcrumbList","@id":"https:\/\/ecresidential.co.uk\/es\/servicios\/#breadcrumb","itemListElement":[{"@type":"ListItem","position":1,"name":"Home","item":"https:\/\/ecresidential.co.uk\/es\/"},{"@type":"ListItem","position":2,"name":"Servicios"}]},{"@type":"WebSite","@id":"https:\/\/ecresidential.co.uk\/es\/#website","url":"https:\/\/ecresidential.co.uk\/es\/","name":"EC Residential","description":"Your Search, Our Passion","publisher":{"@id":"https:\/\/ecresidential.co.uk\/es\/#organization"},"potentialAction":[{"@type":"SearchAction","target":{"@type":"EntryPoint","urlTemplate":"https:\/\/ecresidential.co.uk\/es\/?s={search_term_string}"},"query-input":{"@type":"PropertyValueSpecification","valueRequired":true,"valueName":"search_term_string"}}],"inLanguage":"es"},{"@type":"Organization","@id":"https:\/\/ecresidential.co.uk\/es\/#organization","name":"EC Residential","url":"https:\/\/ecresidential.co.uk\/es\/","logo":{"@type":"ImageObject","inLanguage":"es","@id":"https:\/\/ecresidential.co.uk\/es\/#\/schema\/logo\/image\/","url":"https:\/\/ecresidential.co.uk\/wp-content\/uploads\/2024\/01\/cropped-EC-Residential-Logo.png","contentUrl":"https:\/\/ecresidential.co.uk\/wp-content\/uploads\/2024\/01\/cropped-EC-Residential-Logo.png","width":831,"height":237,"caption":"EC Residential"},"image":{"@id":"https:\/\/ecresidential.co.uk\/es\/#\/schema\/logo\/image\/"}}]}},"_links":{"self":[{"href":"https:\/\/ecresidential.co.uk\/es\/wp-json\/wp\/v2\/pages\/119611","targetHints":{"allow":["GET"]}}],"collection":[{"href":"https:\/\/ecresidential.co.uk\/es\/wp-json\/wp\/v2\/pages"}],"about":[{"href":"https:\/\/ecresidential.co.uk\/es\/wp-json\/wp\/v2\/types\/page"}],"author":[{"embeddable":true,"href":"https:\/\/ecresidential.co.uk\/es\/wp-json\/wp\/v2\/users\/1"}],"replies":[{"embeddable":true,"href":"https:\/\/ecresidential.co.uk\/es\/wp-json\/wp\/v2\/comments?post=119611"}],"version-history":[{"count":1,"href":"https:\/\/ecresidential.co.uk\/es\/wp-json\/wp\/v2\/pages\/119611\/revisions"}],"predecessor-version":[{"id":119614,"href":"https:\/\/ecresidential.co.uk\/es\/wp-json\/wp\/v2\/pages\/119611\/revisions\/119614"}],"wp:attachment":[{"href":"https:\/\/ecresidential.co.uk\/es\/wp-json\/wp\/v2\/media?parent=119611"}],"curies":[{"name":"wp","href":"https:\/\/api.w.org\/{rel}","templated":true}]}}